{"id":7546,"date":"2023-10-26T11:51:26","date_gmt":"2023-10-26T09:51:26","guid":{"rendered":"https:\/\/hojassueltas.es\/?page_id=7546"},"modified":"2023-10-26T11:54:43","modified_gmt":"2023-10-26T09:54:43","slug":"reconocimiento","status":"publish","type":"page","link":"https:\/\/hojassueltas.es\/?page_id=7546","title":{"rendered":"RECONOCIMIENTO"},"content":{"rendered":"<p style=\"text-align: justify;\">En HOJAS SUELTAS estamos m\u00e1s que encantados de que nuestros art\u00edculos se difundan y compartan en otras webs, blogs, redes sociales, medios de comunicaci\u00f3n, etc. Lo importante es que cada vez m\u00e1s personas accedan a la informaci\u00f3n cultural y literaria. Al mismo tiempo, nos cuesta mucho esfuerzo, como medio autogestionado, ofrecer esos contenidos de forma remunerada y muchas veces sentimos que nuestros textos se usan sin reconocer bien que son contenidos de HOJAS SUELTAS y sin valorar el esfuerzo que hay detr\u00e1s.<\/p>\n<p style=\"text-align: justify;\">Que un medio replique tal cual un contenido nuestro puede perjudicarnos en cuanto a posicionamiento web; qu\u00e9 menos entonces que enlazarnos para que quien lo lea en otro medio conozca su origen y pueda llegar a conocer HOJAS SUELTAS. <strong>Preferir\u00edamos<\/strong>\u00a0adem\u00e1s\u00a0<strong>que, en vez de reproducir el contenido completo, publicaseis un extracto con la nota \u201csigue leyendo en HOJAS SUELTAS\u201daplicando la URL de la informaci\u00f3n.<br \/>\n<\/strong><\/p>\n<p style=\"text-align: justify;\">Si vais a difundir los textos y fotos o v\u00eddeos, tienes que cumplir con los siguientes principios: \u00a0citarnos (la revista y autor) y enlazarnos claramente\u00a0 no hacer un uso comercial de los contenidos y no modificarlos. La no modificaci\u00f3n incluye a\u00f1adir enlaces a los textos que no exist\u00edan en el original, especialmente si son a empresas.<\/p>\n<p style=\"text-align: justify;\">En todo caso, nuestras colaboradores tienen el derecho de publicar sus contenidos bajo registro de propiedadintelectual, por lo que <strong>en el caso de que incluyamos el simbolo \u00a9, seguido de \u00abTodos los derechos reservados\u00bbprecedido por el nombre de su titular,<\/strong> no podr\u00e1n ser reproducidos, distribuidos, transformados o comunicados p\u00fablicamente sin el consentimiento expreso de su titular. Para ello contactar con: <span style=\"color: #0000ff;\"><a style=\"color: #0000ff;\" href=\"mailto:redaccion@hojassueeltas.es\">redaccion@hojassueltas.es<\/a><\/span><\/p>\n<p>En el caso de que fueras a compartir una de nuestras publicaciones, te agradecer\u00edamos que nos lo hicieras saber para conocer as\u00ed la difusi\u00f3n nuestros contenidos. Env\u00edanos un email a:<\/p>\n<p style=\"text-align: center;\"><a href=\"mailto:redacci\u00f3n@hojassueltas.es\" target=\"_blank\" rel=\"noopener\"><span style=\"color: #0000ff;\">redacci\u00f3n@hojassueltas.es<\/span><\/a><\/p>\n<p>\u00a1MUCHAS GRACIAS!<\/p>\n<p>&nbsp;<\/p>\n","protected":false},"excerpt":{"rendered":"<p>En HOJAS SUELTAS estamos m\u00e1s que encantados de que nuestros art\u00edculos se difundan y compartan en otras webs, blogs, redes sociales, medios de comunicaci\u00f3n, etc. Lo importante es que cada vez m\u00e1s personas accedan a la informaci\u00f3n cultural y literaria. Al mismo tiempo, nos cuesta mucho esfuerzo, como medio autogestionado, ofrecer esos contenidos de forma [&hellip;]<\/p>\n","protected":false},"author":1,"featured_media":0,"parent":0,"menu_order":0,"comment_status":"closed","ping_status":"closed","template":"","meta":{"footnotes":""},"class_list":["post-7546","page","type-page","status-publish"],"yoast_head":"<!-- This site is optimized with the Yoast SEO plugin v27.6 - https:\/\/yoast.com\/product\/yoast-seo-wordpress\/ -->\n<title>HOJAS SUELTAS Peri\u00f3dico Cultural | % RECONOCIMIENTO |<\/title>\n<meta name=\"description\" content=\"HOJAS SUELTAS Peri\u00f3dico Cultural\" \/>\n<meta name=\"robots\" content=\"index, follow, max-snippet:-1, max-image-preview:large, max-video-preview:-1\" \/>\n<link rel=\"canonical\" href=\"https:\/\/hojassueltas.es\/?page_id=7546\" \/>\n<meta property=\"og:locale\" content=\"es_ES\" \/>\n<meta property=\"og:type\" content=\"article\" \/>\n<meta property=\"og:title\" content=\"HOJAS SUELTAS Peri\u00f3dico Cultural | % RECONOCIMIENTO |\" \/>\n<meta property=\"og:description\" content=\"HOJAS SUELTAS Peri\u00f3dico Cultural\" \/>\n<meta property=\"og:url\" content=\"https:\/\/hojassueltas.es\/?page_id=7546\" \/>\n<meta property=\"og:site_name\" content=\"HOJAS SUELTAS Peri\u00f3dico Cultural\" \/>\n<meta property=\"article:modified_time\" content=\"2023-10-26T09:54:43+00:00\" \/>\n<meta property=\"og:image\" content=\"https:\/\/hojassueltas.es\/wp-content\/uploads\/2025\/09\/Hojas-Sueltas_Logo-III_trans.png\" \/>\n\t<meta property=\"og:image:width\" content=\"485\" \/>\n\t<meta property=\"og:image:height\" content=\"80\" \/>\n\t<meta property=\"og:image:type\" content=\"image\/png\" \/>\n<meta name=\"twitter:card\" content=\"summary_large_image\" \/>\n<meta name=\"twitter:site\" content=\"@HOJASSUELTAS22\" \/>\n<meta name=\"twitter:label1\" content=\"Tiempo de lectura\" \/>\n\t<meta name=\"twitter:data1\" content=\"2 minutos\" \/>\n<script type=\"application\/ld+json\" class=\"yoast-schema-graph\">{\"@context\":\"https:\\\/\\\/schema.org\",\"@graph\":[{\"@type\":\"WebPage\",\"@id\":\"https:\\\/\\\/hojassueltas.es\\\/?page_id=7546\",\"url\":\"https:\\\/\\\/hojassueltas.es\\\/?page_id=7546\",\"name\":\"HOJAS SUELTAS Peri\u00f3dico Cultural | % RECONOCIMIENTO |\",\"isPartOf\":{\"@id\":\"https:\\\/\\\/hojassueltas.es\\\/#website\"},\"datePublished\":\"2023-10-26T09:51:26+00:00\",\"dateModified\":\"2023-10-26T09:54:43+00:00\",\"description\":\"HOJAS SUELTAS Peri\u00f3dico Cultural\",\"breadcrumb\":{\"@id\":\"https:\\\/\\\/hojassueltas.es\\\/?page_id=7546#breadcrumb\"},\"inLanguage\":\"es\",\"potentialAction\":[{\"@type\":\"ReadAction\",\"target\":[\"https:\\\/\\\/hojassueltas.es\\\/?page_id=7546\"]}]},{\"@type\":\"BreadcrumbList\",\"@id\":\"https:\\\/\\\/hojassueltas.es\\\/?page_id=7546#breadcrumb\",\"itemListElement\":[{\"@type\":\"ListItem\",\"position\":1,\"name\":\"Portada\",\"item\":\"https:\\\/\\\/hojassueltas.es\\\/\"},{\"@type\":\"ListItem\",\"position\":2,\"name\":\"RECONOCIMIENTO\"}]},{\"@type\":\"WebSite\",\"@id\":\"https:\\\/\\\/hojassueltas.es\\\/#website\",\"url\":\"https:\\\/\\\/hojassueltas.es\\\/\",\"name\":\"HojasSueltas.es\",\"description\":\"GRANADA - Peri\u00f3dico Cultural\",\"publisher\":{\"@id\":\"https:\\\/\\\/hojassueltas.es\\\/#organization\"},\"alternateName\":\"H.S. Periodico Cultural\",\"potentialAction\":[{\"@type\":\"SearchAction\",\"target\":{\"@type\":\"EntryPoint\",\"urlTemplate\":\"https:\\\/\\\/hojassueltas.es\\\/?s={search_term_string}\"},\"query-input\":{\"@type\":\"PropertyValueSpecification\",\"valueRequired\":true,\"valueName\":\"search_term_string\"}}],\"inLanguage\":\"es\"},{\"@type\":\"Organization\",\"@id\":\"https:\\\/\\\/hojassueltas.es\\\/#organization\",\"name\":\"HOJAS SUELTAS - Peri\u00f3dico Cultural\",\"alternateName\":\"HS - HOJAS SUELTAS Peri\u00f3dico Cultural\",\"url\":\"https:\\\/\\\/hojassueltas.es\\\/\",\"logo\":{\"@type\":\"ImageObject\",\"inLanguage\":\"es\",\"@id\":\"https:\\\/\\\/hojassueltas.es\\\/#\\\/schema\\\/logo\\\/image\\\/\",\"url\":\"https:\\\/\\\/hojassueltas.es\\\/wp-content\\\/uploads\\\/2025\\\/08\\\/Icono-HS_2.png\",\"contentUrl\":\"https:\\\/\\\/hojassueltas.es\\\/wp-content\\\/uploads\\\/2025\\\/08\\\/Icono-HS_2.png\",\"width\":500,\"height\":500,\"caption\":\"HOJAS SUELTAS - Peri\u00f3dico Cultural\"},\"image\":{\"@id\":\"https:\\\/\\\/hojassueltas.es\\\/#\\\/schema\\\/logo\\\/image\\\/\"},\"sameAs\":[\"https:\\\/\\\/x.com\\\/HOJASSUELTAS22\"]}]}<\/script>\n<!-- \/ Yoast SEO plugin. -->","yoast_head_json":{"title":"HOJAS SUELTAS Peri\u00f3dico Cultural | % RECONOCIMIENTO |","description":"HOJAS SUELTAS Peri\u00f3dico Cultural","robots":{"index":"index","follow":"follow","max-snippet":"max-snippet:-1","max-image-preview":"max-image-preview:large","max-video-preview":"max-video-preview:-1"},"canonical":"https:\/\/hojassueltas.es\/?page_id=7546","og_locale":"es_ES","og_type":"article","og_title":"HOJAS SUELTAS Peri\u00f3dico Cultural | % RECONOCIMIENTO |","og_description":"HOJAS SUELTAS Peri\u00f3dico Cultural","og_url":"https:\/\/hojassueltas.es\/?page_id=7546","og_site_name":"HOJAS SUELTAS Peri\u00f3dico Cultural","article_modified_time":"2023-10-26T09:54:43+00:00","og_image":[{"width":485,"height":80,"url":"https:\/\/hojassueltas.es\/wp-content\/uploads\/2025\/09\/Hojas-Sueltas_Logo-III_trans.png","type":"image\/png"}],"twitter_card":"summary_large_image","twitter_site":"@HOJASSUELTAS22","twitter_misc":{"Tiempo de lectura":"2 minutos"},"schema":{"@context":"https:\/\/schema.org","@graph":[{"@type":"WebPage","@id":"https:\/\/hojassueltas.es\/?page_id=7546","url":"https:\/\/hojassueltas.es\/?page_id=7546","name":"HOJAS SUELTAS Peri\u00f3dico Cultural | % RECONOCIMIENTO |","isPartOf":{"@id":"https:\/\/hojassueltas.es\/#website"},"datePublished":"2023-10-26T09:51:26+00:00","dateModified":"2023-10-26T09:54:43+00:00","description":"HOJAS SUELTAS Peri\u00f3dico Cultural","breadcrumb":{"@id":"https:\/\/hojassueltas.es\/?page_id=7546#breadcrumb"},"inLanguage":"es","potentialAction":[{"@type":"ReadAction","target":["https:\/\/hojassueltas.es\/?page_id=7546"]}]},{"@type":"BreadcrumbList","@id":"https:\/\/hojassueltas.es\/?page_id=7546#breadcrumb","itemListElement":[{"@type":"ListItem","position":1,"name":"Portada","item":"https:\/\/hojassueltas.es\/"},{"@type":"ListItem","position":2,"name":"RECONOCIMIENTO"}]},{"@type":"WebSite","@id":"https:\/\/hojassueltas.es\/#website","url":"https:\/\/hojassueltas.es\/","name":"HojasSueltas.es","description":"GRANADA - Peri\u00f3dico Cultural","publisher":{"@id":"https:\/\/hojassueltas.es\/#organization"},"alternateName":"H.S. Periodico Cultural","potentialAction":[{"@type":"SearchAction","target":{"@type":"EntryPoint","urlTemplate":"https:\/\/hojassueltas.es\/?s={search_term_string}"},"query-input":{"@type":"PropertyValueSpecification","valueRequired":true,"valueName":"search_term_string"}}],"inLanguage":"es"},{"@type":"Organization","@id":"https:\/\/hojassueltas.es\/#organization","name":"HOJAS SUELTAS - Peri\u00f3dico Cultural","alternateName":"HS - HOJAS SUELTAS Peri\u00f3dico Cultural","url":"https:\/\/hojassueltas.es\/","logo":{"@type":"ImageObject","inLanguage":"es","@id":"https:\/\/hojassueltas.es\/#\/schema\/logo\/image\/","url":"https:\/\/hojassueltas.es\/wp-content\/uploads\/2025\/08\/Icono-HS_2.png","contentUrl":"https:\/\/hojassueltas.es\/wp-content\/uploads\/2025\/08\/Icono-HS_2.png","width":500,"height":500,"caption":"HOJAS SUELTAS - Peri\u00f3dico Cultural"},"image":{"@id":"https:\/\/hojassueltas.es\/#\/schema\/logo\/image\/"},"sameAs":["https:\/\/x.com\/HOJASSUELTAS22"]}]}},"_links":{"self":[{"href":"https:\/\/hojassueltas.es\/index.php?rest_route=\/wp\/v2\/pages\/7546","targetHints":{"allow":["GET"]}}],"collection":[{"href":"https:\/\/hojassueltas.es\/index.php?rest_route=\/wp\/v2\/pages"}],"about":[{"href":"https:\/\/hojassueltas.es\/index.php?rest_route=\/wp\/v2\/types\/page"}],"author":[{"embeddable":true,"href":"https:\/\/hojassueltas.es\/index.php?rest_route=\/wp\/v2\/users\/1"}],"replies":[{"embeddable":true,"href":"https:\/\/hojassueltas.es\/index.php?rest_route=%2Fwp%2Fv2%2Fcomments&post=7546"}],"version-history":[{"count":3,"href":"https:\/\/hojassueltas.es\/index.php?rest_route=\/wp\/v2\/pages\/7546\/revisions"}],"predecessor-version":[{"id":7550,"href":"https:\/\/hojassueltas.es\/index.php?rest_route=\/wp\/v2\/pages\/7546\/revisions\/7550"}],"wp:attachment":[{"href":"https:\/\/hojassueltas.es\/index.php?rest_route=%2Fwp%2Fv2%2Fmedia&parent=7546"}],"curies":[{"name":"wp","href":"https:\/\/api.w.org\/{rel}","templated":true}]}}