{"id":57,"date":"2022-11-15T08:57:06","date_gmt":"2022-11-15T08:57:06","guid":{"rendered":"https:\/\/hojassueltas.aldoediciones.es\/?page_id=57"},"modified":"2023-03-26T17:53:32","modified_gmt":"2023-03-26T16:53:32","slug":"aviso-legal","status":"publish","type":"page","link":"https:\/\/hojassueltas.es\/?page_id=57","title":{"rendered":"Aviso legal"},"content":{"rendered":"<h2 style=\"text-align: justify;\">Condiciones generales<\/h2>\n<p style=\"text-align: justify;\"><strong>DATOS IDENTIFICATIVOS:<\/strong><strong>\u00a0<\/strong><\/p>\n<p style=\"text-align: justify;\">En cumplimiento con el deber de informaci\u00f3n recogido en art\u00edculo 10 de la Ley 34\/2002, de 11 de julio, de Servicios de la Sociedad de la Informaci\u00f3n y de Comercio Electr\u00f3nico, a continuaci\u00f3n se reflejan los siguientes datos: La titular de HOJAS SUELTAS\u00a0 (en adelante, el Site) es REGINA EXLIBRIS A.C., con domicilio en C\/\u00c1lvaro Aparicio, n\u00fam.. 12 \u2013 18012 \u2013 GRANADA con n\u00famero de C.I.F: G-01924919,\u00a0 en adelante REGINA EXLIBRIS A.C.<\/p>\n<p style=\"text-align: justify;\">Formulario de contacto<\/p>\n<p style=\"text-align: justify;\"><strong>USUARIOS<\/strong>:<\/p>\n<p style=\"text-align: justify;\">El acceso y\/o uso del portal de REGINA EXLIBRIS A.C. le atribuye la condici\u00f3n de USUARIO, que acepta, desde dicho acceso y\/o uso, las Condiciones Generales de Uso aqu\u00ed reflejadas. Las citadas Condiciones ser\u00e1n de aplicaci\u00f3n independientemente de las Condiciones Generales de Contrataci\u00f3n que en su caso resulten de obligado cumplimiento.<\/p>\n<p style=\"text-align: justify;\"><strong>USO DEL PORTAL<\/strong>:<\/p>\n<p style=\"text-align: justify;\">El Site HOJAS SUELTAS.ES proporciona el acceso a multitud de informaciones, servicios, programas o datos (en adelante, \u201clos contenidos\u201d) en Internet pertenecientes a REGINA EXLIBRIS A.C. a los que el USUARIO puede tener acceso. El USUARIO asume la responsabilidad del uso del Site. Dicha responsabilidad se extiende al registro que fuese necesario para acceder a determinados servicios o contenidos. En dicho registro el USUARIO ser\u00e1 responsable de aportar informaci\u00f3n veraz y l\u00edcita. Como consecuencia de este registro, al USUARIO se le puede proporcionar una contrase\u00f1a de la que ser\u00e1 responsable, comprometi\u00e9ndose a hacer un uso diligente y confidencial de la misma. El USUARIO se compromete a hacer un uso adecuado de los contenidos y servicios (como por ejemplo servicios de chat, foros de discusi\u00f3n o grupos de noticias) que REGINA EXLIBRIS ofrece a trav\u00e9s de su Site y con car\u00e1cter enunciativo pero no limitativo, a no emplearlos para (i) incurrir en actividades il\u00edcitas, ilegales o contrarias a la buena fe y al orden p\u00fablico; (ii) difundir contenidos o propaganda de car\u00e1cter racista, xen\u00f3fobo, pornogr\u00e1fico-ilegal, de apolog\u00eda del terrorismo o atentatorio contra los derechos humanos; (iii) provocar da\u00f1os en los sistemas f\u00edsicos y l\u00f3gicos de REGINA EXLIBRIS A.C, de sus proveedores o de terceras personas, introducir o difundir en la red virus inform\u00e1ticos o cualesquiera otros sistemas f\u00edsicos o l\u00f3gicos que sean susceptibles de provocar los da\u00f1os anteriormente mencionados; (iv) intentar acceder y, en su caso, utilizar las cuentas de correo electr\u00f3nico de otros usuarios y modificar o manipular sus mensajes. REGINA EXLIBRIS A.C se reserva el derecho de retirar todos aquellos comentarios y aportaciones que vulneren el respeto a la dignidad de la persona, que sean discriminatorios, xen\u00f3fobos, racistas, pornogr\u00e1ficos, que atenten contra la juventud o la infancia, el orden o la seguridad p\u00fablica o que, a su juicio, no resultaran adecuados para su publicaci\u00f3n. En cualquier caso, REGINA EXCLIBRIS A.C. no ser\u00e1 responsable de las opiniones vertidas por los usuarios a trav\u00e9s de los foros, chats, u otras herramientas de participaci\u00f3n.<\/p>\n<p style=\"text-align: justify;\">REGINA EXLIBRIS A.C. cumple con las directrices de la Ley Org\u00e1nica 15\/1999 de 13 de diciembre de Protecci\u00f3n de Datos de Car\u00e1cter Personal, el Real Decreto 1720\/2007 de 21 de diciembre por el que se aprueba el Reglamento de desarrollo de la Ley Org\u00e1nica, RGPD y dem\u00e1s normativa vigente en cada momento, y vela por garantizar un correcto uso y tratamiento de los datos personales del usuario. Para ello, junto a cada formulario de recabo de datos de car\u00e1cter personal, en los servicios que el USUARIO pueda solicitar a REGINA EXLIBRIS A.C, har\u00e1 saber al USUARIO de la existencia y aceptaci\u00f3n de las condiciones particulares del tratamiento de sus datos en cada caso, inform\u00e1ndole de la responsabilidad del fichero creado, la direcci\u00f3n del responsable, la posibilidad de ejercer sus derechos de acceso, rectificaci\u00f3n, cancelaci\u00f3n u oposici\u00f3n, la finalidad del tratamiento y las comunicaciones de datos a terceros en su caso. Asimismo, REGINA EXLIBRIS A.C. informa que da cumplimiento a la Ley 34\/2002 de 11 de julio, de Servicios de la Sociedad de la Informaci\u00f3n y el Comercio Electr\u00f3nico y le solicitar\u00e1 su consentimiento al tratamiento de su correo electr\u00f3nico con fines comerciales en cada momento. (ver Pol\u00edtica de Privacidad y Cookies)<\/p>\n<p style=\"text-align: justify;\">DERECHOS.<\/p>\n<p style=\"text-align: justify;\"><strong>PROPIEDAD INTELECTUAL E INDUSTRIAL:<\/strong><\/p>\n<p style=\"text-align: justify;\">REGINA EXLIBRIS, es propietaria de todos los derechos de propiedad intelectual e industrial de sus p\u00e1ginas web, as\u00ed como de los elementos contenidos en ellas (a t\u00edtulo enunciativo, im\u00e1genes, sonido, audio, v\u00eddeo, software o textos; marcas o logotipos, combinaciones de colores, estructura y dise\u00f1o, selecci\u00f3n de materiales usados, programas de ordenador necesarios para su funcionamiento, acceso y uso, etc.), titularidad de REGINA EXLIBRIS A.C. o bien de sus licenciantes. Todos los derechos reservados. En virtud de lo dispuesto en los art\u00edculos 8 y 32.1, p\u00e1rrafo segundo, de la Ley de Propiedad Intelectual, quedan expresamente prohibidas la reproducci\u00f3n, la distribuci\u00f3n y la comunicaci\u00f3n p\u00fablica, incluida su modalidad de puesta a disposici\u00f3n, de la totalidad o parte de los contenidos de esta p\u00e1gina web, con fines comerciales, en cualquier soporte y por cualquier medio t\u00e9cnico, sin la autorizaci\u00f3n de REGINA EXLIBRIS A.C. El USUARIO se compromete a respetar los derechos de Propiedad Intelectual e Industrial titularidad de REGINA EXCLIBRIS A.C. Podr\u00e1 visualizar los elementos del Site e incluso imprimirlos, copiarlos y almacenarlos en el disco duro de su ordenador o en cualquier otro soporte f\u00edsico siempre y cuando sea, \u00fanica y exclusivamente, para su uso personal y privado. El USUARIO deber\u00e1 abstenerse de suprimir, alterar, eludir o manipular cualquier dispositivo de protecci\u00f3n o sistema de seguridad que estuviera instalado en las p\u00e1ginas de REGINA EXLIBRIS.A.C. y HOJAS SUELTAS<\/p>\n<p style=\"text-align: justify;\">EXCLUSI\u00d3N DE GARANT\u00cdAS Y RESPONSABILIDAD:<\/p>\n<p style=\"text-align: justify;\">REGINA EXLIBRIS A.C no se hace responsable, en ning\u00fan caso, de los da\u00f1os y perjuicios de cualquier naturaleza que pudieran ocasionar, a t\u00edtulo enunciativo: errores u omisiones en los contenidos, falta de disponibilidad del portal o la transmisi\u00f3n de virus o programas maliciosos o lesivos en los contenidos, a pesar de haber adoptado todas las medidas tecnol\u00f3gicas necesarias para evitarlo.<\/p>\n<p style=\"text-align: justify;\">MODIFICACIONES:<\/p>\n<p style=\"text-align: justify;\">REGINA EXLIBRIS A.C se reserva el derecho de efectuar sin previo aviso las modificaciones que considere oportunas en su Site, pudiendo cambiar, suprimir o a\u00f1adir tanto los contenidos y servicios que se presten a trav\u00e9s de la misma como la forma en la que \u00e9stos aparezcan presentados o localizados en su Site.<\/p>\n<p style=\"text-align: justify;\"><strong>EMPLEO DE COOKIES:<\/strong><\/p>\n<p style=\"text-align: justify;\">REGINA EXLIBRIS A.C. podr\u00e1 utilizar cookies para personalizar y facilitar al m\u00e1ximo la navegaci\u00f3n del USUARIO por su Site. Las cookies se asocian \u00fanicamente a un USUARIO an\u00f3nimo y su ordenador y no proporcionan referencias que permitan deducir datos personales del USUARIO. El USUARIO podr\u00e1 configurar su navegador para que notifique y rechace la instalaci\u00f3n de las cookies enviadas por REGINA EXLIBRIS A.C, sin que ello perjudique la posibilidad del USUARIO de acceder a los Contenidos.<\/p>\n<p style=\"text-align: justify;\"><strong>ENLACES:<\/strong><\/p>\n<p style=\"text-align: justify;\">En el caso de que en el Site se dispusiesen enlaces o hiperv\u00ednculos hac\u00eda otros sitios de Internet, REGINA EXLIBRIS A.C no ejercer\u00e1 ning\u00fan tipo de control sobre dichos sitios y contenidos. En ning\u00fan caso REGINA EXLIBRIS A.C asumir\u00e1 responsabilidad alguna por los contenidos de alg\u00fan enlace perteneciente a un sitio web ajeno, ni garantizar\u00e1 la disponibilidad t\u00e9cnica, calidad, fiabilidad, exactitud, amplitud, veracidad, validez y constitucionalidad de cualquier material o informaci\u00f3n contenida en ninguno de dichos hiperv\u00ednculos u otros sitios de Internet. Igualmente, la inclusi\u00f3n de estas conexiones externas no implicar\u00e1 ning\u00fan tipo de asociaci\u00f3n, fusi\u00f3n o participaci\u00f3n con las entidades conectadas.<\/p>\n<p style=\"text-align: justify;\">Sin perjuicio de lo anterior, algunos enlaces estar\u00e1n previamente negociados o consensuados con el responsable del contenido enlazado, de forma que se genere una contraprestaci\u00f3n por las acciones realizadas libremente por el USUARIO. Esta situaci\u00f3n no afectar\u00e1 en ning\u00fan caso a la exclusi\u00f3n de responsabilidad sobre el contenido enlazado ni a la independencia de este medio de comunicaci\u00f3n.<\/p>\n<p style=\"text-align: justify;\"><strong>DERECHO DE EXCLUSI\u00d3N<\/strong>:<\/p>\n<p style=\"text-align: justify;\">REGINA EXLIBRIS A.C se reserva el derecho a denegar o retirar el acceso a su Site y\/o los servicios ofrecidos sin necesidad de preaviso, a instancia propia o de un tercero, a aquellos usuarios que incumplan las presentes Condiciones Generales de Uso.<\/p>\n<p style=\"text-align: justify;\"><strong>GENERALIDADES<\/strong>:<\/p>\n<p style=\"text-align: justify;\">REGINA EXLIBRIS A.C perseguir\u00e1 el incumplimiento de las presentes condiciones, as\u00ed como cualquier utilizaci\u00f3n indebida de su Site ejerciendo todas las acciones civiles y penales que le puedan corresponder en derecho.<\/p>\n<p style=\"text-align: justify;\"><strong>MODIFICACI\u00d3N DE LAS PRESENTES CONDICIONES Y DURACI\u00d3N:<\/strong><\/p>\n<p style=\"text-align: justify;\">REGINA EXLIBRIS A.C. podr\u00e1 modificar en cualquier momento las condiciones aqu\u00ed determinadas, siendo debidamente publicadas como aqu\u00ed aparecen. La vigencia de las citadas condiciones ir\u00e1 en funci\u00f3n de su exposici\u00f3n y estar\u00e1n vigentes hasta que sean modificadas por otras debidamente publicadas.<\/p>\n","protected":false},"excerpt":{"rendered":"<p>Condiciones generales DATOS IDENTIFICATIVOS:\u00a0 En cumplimiento con el deber de informaci\u00f3n recogido en art\u00edculo 10 de la Ley 34\/2002, de 11 de julio, de Servicios de la Sociedad de la Informaci\u00f3n y de Comercio Electr\u00f3nico, a continuaci\u00f3n se reflejan los siguientes datos: La titular de HOJAS SUELTAS\u00a0 (en adelante, el Site) es REGINA EXLIBRIS A.C., [&hellip;]<\/p>\n","protected":false},"author":1,"featured_media":0,"parent":0,"menu_order":0,"comment_status":"closed","ping_status":"closed","template":"","meta":{"footnotes":""},"class_list":["post-57","page","type-page","status-publish"],"yoast_head":"<!-- This site is optimized with the Yoast SEO plugin v27.6 - https:\/\/yoast.com\/product\/yoast-seo-wordpress\/ -->\n<title>HOJAS SUELTAS Peri\u00f3dico Cultural | % Aviso legal |<\/title>\n<meta name=\"description\" content=\"HOJAS SUELTAS Peri\u00f3dico Cultural\" \/>\n<meta name=\"robots\" content=\"index, follow, max-snippet:-1, max-image-preview:large, max-video-preview:-1\" \/>\n<link rel=\"canonical\" href=\"https:\/\/hojassueltas.es\/?page_id=57\" \/>\n<meta property=\"og:locale\" content=\"es_ES\" \/>\n<meta property=\"og:type\" content=\"article\" \/>\n<meta property=\"og:title\" content=\"HOJAS SUELTAS Peri\u00f3dico Cultural | % Aviso legal |\" \/>\n<meta property=\"og:description\" content=\"HOJAS SUELTAS Peri\u00f3dico Cultural\" \/>\n<meta property=\"og:url\" content=\"https:\/\/hojassueltas.es\/?page_id=57\" \/>\n<meta property=\"og:site_name\" content=\"HOJAS SUELTAS Peri\u00f3dico Cultural\" \/>\n<meta property=\"article:modified_time\" content=\"2023-03-26T16:53:32+00:00\" \/>\n<meta property=\"og:image\" content=\"https:\/\/hojassueltas.es\/wp-content\/uploads\/2025\/09\/Hojas-Sueltas_Logo-III_trans.png\" \/>\n\t<meta property=\"og:image:width\" content=\"485\" \/>\n\t<meta property=\"og:image:height\" content=\"80\" \/>\n\t<meta property=\"og:image:type\" content=\"image\/png\" \/>\n<meta name=\"twitter:card\" content=\"summary_large_image\" \/>\n<meta name=\"twitter:site\" content=\"@HOJASSUELTAS22\" \/>\n<meta name=\"twitter:label1\" content=\"Tiempo de lectura\" \/>\n\t<meta name=\"twitter:data1\" content=\"7 minutos\" \/>\n<script type=\"application\/ld+json\" class=\"yoast-schema-graph\">{\"@context\":\"https:\\\/\\\/schema.org\",\"@graph\":[{\"@type\":\"WebPage\",\"@id\":\"https:\\\/\\\/hojassueltas.es\\\/?page_id=57\",\"url\":\"https:\\\/\\\/hojassueltas.es\\\/?page_id=57\",\"name\":\"HOJAS SUELTAS Peri\u00f3dico Cultural | % Aviso legal |\",\"isPartOf\":{\"@id\":\"https:\\\/\\\/hojassueltas.es\\\/#website\"},\"datePublished\":\"2022-11-15T08:57:06+00:00\",\"dateModified\":\"2023-03-26T16:53:32+00:00\",\"description\":\"HOJAS SUELTAS Peri\u00f3dico Cultural\",\"breadcrumb\":{\"@id\":\"https:\\\/\\\/hojassueltas.es\\\/?page_id=57#breadcrumb\"},\"inLanguage\":\"es\",\"potentialAction\":[{\"@type\":\"ReadAction\",\"target\":[\"https:\\\/\\\/hojassueltas.es\\\/?page_id=57\"]}]},{\"@type\":\"BreadcrumbList\",\"@id\":\"https:\\\/\\\/hojassueltas.es\\\/?page_id=57#breadcrumb\",\"itemListElement\":[{\"@type\":\"ListItem\",\"position\":1,\"name\":\"Portada\",\"item\":\"https:\\\/\\\/hojassueltas.es\\\/\"},{\"@type\":\"ListItem\",\"position\":2,\"name\":\"Aviso legal\"}]},{\"@type\":\"WebSite\",\"@id\":\"https:\\\/\\\/hojassueltas.es\\\/#website\",\"url\":\"https:\\\/\\\/hojassueltas.es\\\/\",\"name\":\"HojasSueltas.es\",\"description\":\"GRANADA - Peri\u00f3dico Cultural\",\"publisher\":{\"@id\":\"https:\\\/\\\/hojassueltas.es\\\/#organization\"},\"alternateName\":\"H.S. Periodico Cultural\",\"potentialAction\":[{\"@type\":\"SearchAction\",\"target\":{\"@type\":\"EntryPoint\",\"urlTemplate\":\"https:\\\/\\\/hojassueltas.es\\\/?s={search_term_string}\"},\"query-input\":{\"@type\":\"PropertyValueSpecification\",\"valueRequired\":true,\"valueName\":\"search_term_string\"}}],\"inLanguage\":\"es\"},{\"@type\":\"Organization\",\"@id\":\"https:\\\/\\\/hojassueltas.es\\\/#organization\",\"name\":\"HOJAS SUELTAS - Peri\u00f3dico Cultural\",\"alternateName\":\"HS - HOJAS SUELTAS Peri\u00f3dico Cultural\",\"url\":\"https:\\\/\\\/hojassueltas.es\\\/\",\"logo\":{\"@type\":\"ImageObject\",\"inLanguage\":\"es\",\"@id\":\"https:\\\/\\\/hojassueltas.es\\\/#\\\/schema\\\/logo\\\/image\\\/\",\"url\":\"https:\\\/\\\/hojassueltas.es\\\/wp-content\\\/uploads\\\/2025\\\/08\\\/Icono-HS_2.png\",\"contentUrl\":\"https:\\\/\\\/hojassueltas.es\\\/wp-content\\\/uploads\\\/2025\\\/08\\\/Icono-HS_2.png\",\"width\":500,\"height\":500,\"caption\":\"HOJAS SUELTAS - Peri\u00f3dico Cultural\"},\"image\":{\"@id\":\"https:\\\/\\\/hojassueltas.es\\\/#\\\/schema\\\/logo\\\/image\\\/\"},\"sameAs\":[\"https:\\\/\\\/x.com\\\/HOJASSUELTAS22\"]}]}<\/script>\n<!-- \/ Yoast SEO plugin. -->","yoast_head_json":{"title":"HOJAS SUELTAS Peri\u00f3dico Cultural | % Aviso legal |","description":"HOJAS SUELTAS Peri\u00f3dico Cultural","robots":{"index":"index","follow":"follow","max-snippet":"max-snippet:-1","max-image-preview":"max-image-preview:large","max-video-preview":"max-video-preview:-1"},"canonical":"https:\/\/hojassueltas.es\/?page_id=57","og_locale":"es_ES","og_type":"article","og_title":"HOJAS SUELTAS Peri\u00f3dico Cultural | % Aviso legal |","og_description":"HOJAS SUELTAS Peri\u00f3dico Cultural","og_url":"https:\/\/hojassueltas.es\/?page_id=57","og_site_name":"HOJAS SUELTAS Peri\u00f3dico Cultural","article_modified_time":"2023-03-26T16:53:32+00:00","og_image":[{"width":485,"height":80,"url":"https:\/\/hojassueltas.es\/wp-content\/uploads\/2025\/09\/Hojas-Sueltas_Logo-III_trans.png","type":"image\/png"}],"twitter_card":"summary_large_image","twitter_site":"@HOJASSUELTAS22","twitter_misc":{"Tiempo de lectura":"7 minutos"},"schema":{"@context":"https:\/\/schema.org","@graph":[{"@type":"WebPage","@id":"https:\/\/hojassueltas.es\/?page_id=57","url":"https:\/\/hojassueltas.es\/?page_id=57","name":"HOJAS SUELTAS Peri\u00f3dico Cultural | % Aviso legal |","isPartOf":{"@id":"https:\/\/hojassueltas.es\/#website"},"datePublished":"2022-11-15T08:57:06+00:00","dateModified":"2023-03-26T16:53:32+00:00","description":"HOJAS SUELTAS Peri\u00f3dico Cultural","breadcrumb":{"@id":"https:\/\/hojassueltas.es\/?page_id=57#breadcrumb"},"inLanguage":"es","potentialAction":[{"@type":"ReadAction","target":["https:\/\/hojassueltas.es\/?page_id=57"]}]},{"@type":"BreadcrumbList","@id":"https:\/\/hojassueltas.es\/?page_id=57#breadcrumb","itemListElement":[{"@type":"ListItem","position":1,"name":"Portada","item":"https:\/\/hojassueltas.es\/"},{"@type":"ListItem","position":2,"name":"Aviso legal"}]},{"@type":"WebSite","@id":"https:\/\/hojassueltas.es\/#website","url":"https:\/\/hojassueltas.es\/","name":"HojasSueltas.es","description":"GRANADA - Peri\u00f3dico Cultural","publisher":{"@id":"https:\/\/hojassueltas.es\/#organization"},"alternateName":"H.S. Periodico Cultural","potentialAction":[{"@type":"SearchAction","target":{"@type":"EntryPoint","urlTemplate":"https:\/\/hojassueltas.es\/?s={search_term_string}"},"query-input":{"@type":"PropertyValueSpecification","valueRequired":true,"valueName":"search_term_string"}}],"inLanguage":"es"},{"@type":"Organization","@id":"https:\/\/hojassueltas.es\/#organization","name":"HOJAS SUELTAS - Peri\u00f3dico Cultural","alternateName":"HS - HOJAS SUELTAS Peri\u00f3dico Cultural","url":"https:\/\/hojassueltas.es\/","logo":{"@type":"ImageObject","inLanguage":"es","@id":"https:\/\/hojassueltas.es\/#\/schema\/logo\/image\/","url":"https:\/\/hojassueltas.es\/wp-content\/uploads\/2025\/08\/Icono-HS_2.png","contentUrl":"https:\/\/hojassueltas.es\/wp-content\/uploads\/2025\/08\/Icono-HS_2.png","width":500,"height":500,"caption":"HOJAS SUELTAS - Peri\u00f3dico Cultural"},"image":{"@id":"https:\/\/hojassueltas.es\/#\/schema\/logo\/image\/"},"sameAs":["https:\/\/x.com\/HOJASSUELTAS22"]}]}},"_links":{"self":[{"href":"https:\/\/hojassueltas.es\/index.php?rest_route=\/wp\/v2\/pages\/57","targetHints":{"allow":["GET"]}}],"collection":[{"href":"https:\/\/hojassueltas.es\/index.php?rest_route=\/wp\/v2\/pages"}],"about":[{"href":"https:\/\/hojassueltas.es\/index.php?rest_route=\/wp\/v2\/types\/page"}],"author":[{"embeddable":true,"href":"https:\/\/hojassueltas.es\/index.php?rest_route=\/wp\/v2\/users\/1"}],"replies":[{"embeddable":true,"href":"https:\/\/hojassueltas.es\/index.php?rest_route=%2Fwp%2Fv2%2Fcomments&post=57"}],"version-history":[{"count":4,"href":"https:\/\/hojassueltas.es\/index.php?rest_route=\/wp\/v2\/pages\/57\/revisions"}],"predecessor-version":[{"id":2567,"href":"https:\/\/hojassueltas.es\/index.php?rest_route=\/wp\/v2\/pages\/57\/revisions\/2567"}],"wp:attachment":[{"href":"https:\/\/hojassueltas.es\/index.php?rest_route=%2Fwp%2Fv2%2Fmedia&parent=57"}],"curies":[{"name":"wp","href":"https:\/\/api.w.org\/{rel}","templated":true}]}}