{"id":3843,"date":"2023-04-28T10:50:28","date_gmt":"2023-04-28T09:50:28","guid":{"rendered":"https:\/\/hojassueltas.es\/?page_id=3843"},"modified":"2025-05-21T08:34:01","modified_gmt":"2025-05-21T07:34:01","slug":"suscripcion-al-boletin","status":"publish","type":"page","link":"https:\/\/hojassueltas.es\/?page_id=3843","title":{"rendered":"Suscripci\u00f3n al bolet\u00edn"},"content":{"rendered":"<p style=\"text-align: justify;\"><span style=\"font-size: 20px;\"><strong>Si te gusta leer HOJAS SUELTAS y deseas mantenerte informado de aquellas noticias m\u00e1s importantes y destacadas, puedes suscribirte a nuestro bolet\u00edn digital H.S. cumplimentando el siguiente formulario.<\/strong><\/span><\/p>\n<p><span style=\"font-size: 20px;\"><strong>Gracias por leernos.<\/strong><\/span><\/p>\n<p><span style=\"color: #000000;\"><strong><div class=\"wpforms-container wpforms-container-full\" id=\"wpforms-3834\"><form id=\"wpforms-form-3834\" class=\"wpforms-validate wpforms-form wpforms-ajax-form\" data-formid=\"3834\" method=\"post\" enctype=\"multipart\/form-data\" action=\"\/index.php?rest_route=%2Fwp%2Fv2%2Fpages%2F3843\" data-token=\"3f6a4f6ab0a3044e7559bdfc7b945a41\" data-token-time=\"1776761665\"><noscript class=\"wpforms-error-noscript\">Por favor, activa JavaScript en tu navegador para completar este formulario.<\/noscript><div class=\"wpforms-field-container\"><div id=\"wpforms-3834-field_1-container\" class=\"wpforms-field wpforms-field-name\" data-field-id=\"1\"><label class=\"wpforms-field-label\">Nombre<\/label><div class=\"wpforms-field-row wpforms-field-medium\"><div class=\"wpforms-field-row-block wpforms-first wpforms-one-half\"><input type=\"text\" id=\"wpforms-3834-field_1\" class=\"wpforms-field-name-first\" name=\"wpforms[fields][1][first]\" ><label for=\"wpforms-3834-field_1\" class=\"wpforms-field-sublabel after\">Nombre<\/label><\/div><div class=\"wpforms-field-row-block wpforms-one-half\"><input type=\"text\" id=\"wpforms-3834-field_1-last\" class=\"wpforms-field-name-last\" name=\"wpforms[fields][1][last]\" ><label for=\"wpforms-3834-field_1-last\" class=\"wpforms-field-sublabel after\">Apellidos<\/label><\/div><\/div><\/div><div id=\"wpforms-3834-field_2-container\" class=\"wpforms-field wpforms-field-email\" data-field-id=\"2\"><label class=\"wpforms-field-label\">Correo electr\u00f3nico <span class=\"wpforms-required-label\">*<\/span><\/label><div class=\"wpforms-field-row wpforms-field-medium\"><div class=\"wpforms-field-row-block wpforms-one-half wpforms-first\"><input type=\"email\" id=\"wpforms-3834-field_2\" class=\"wpforms-field-required wpforms-field-email-primary\" name=\"wpforms[fields][2][primary]\" spellcheck=\"false\" required><label for=\"wpforms-3834-field_2\" class=\"wpforms-field-sublabel after\">Correo electr\u00f3nico<\/label><\/div><div class=\"wpforms-field-row-block wpforms-one-half\"><input type=\"email\" id=\"wpforms-3834-field_2-secondary\" class=\"wpforms-field-email-secondary wpforms-field-required\" data-rule-confirm=\"#wpforms-3834-field_2\" name=\"wpforms[fields][2][secondary]\" spellcheck=\"false\" required><label for=\"wpforms-3834-field_2-secondary\" class=\"wpforms-field-sublabel after\">Confirmar el correo electr\u00f3nico<\/label><\/div><\/div><\/div><div id=\"wpforms-3834-field_6-container\" class=\"wpforms-field wpforms-field-radio\" data-field-id=\"6\"><label class=\"wpforms-field-label\">Suscripci\u00f3n<\/label><ul id=\"wpforms-3834-field_6\"><li class=\"choice-1 depth-1\"><input type=\"radio\" id=\"wpforms-3834-field_6_1\" name=\"wpforms[fields][6]\" value=\"Deseo suscribirme al boletin digital de HOJAS SUELTAS  Diario Cultural\"  ><label class=\"wpforms-field-label-inline\" for=\"wpforms-3834-field_6_1\">Deseo suscribirme al boletin digital de HOJAS SUELTAS  Diario Cultural<\/label><\/li><\/ul><\/div><div id=\"wpforms-3834-field_7-container\" class=\"wpforms-field wpforms-field-radio\" data-field-id=\"7\"><label class=\"wpforms-field-label\">Acuerdo RGPD<\/label><ul id=\"wpforms-3834-field_7\"><li class=\"choice-1 depth-1\"><input type=\"radio\" id=\"wpforms-3834-field_7_1\" name=\"wpforms[fields][7]\" value=\"Acepto la pol\u00edtica de privacidad [https:\/\/hojassueltas.es\/?page_id=55] y doy mi consentimiento para que esta web almacene la informaci\u00f3n que env\u00edo para que puedan responder a mi petici\u00f3n de suscribirme al boletin de Hojas Sueltas.\"  ><label class=\"wpforms-field-label-inline\" for=\"wpforms-3834-field_7_1\">Acepto la pol\u00edtica de privacidad [https:\/\/hojassueltas.es\/?page_id=55] y doy mi consentimiento para que esta web almacene la informaci\u00f3n que env\u00edo para que puedan responder a mi petici\u00f3n de suscribirme al boletin de Hojas Sueltas.<\/label><\/li><\/ul><\/div><\/div><!-- .wpforms-field-container --><div class=\"wpforms-submit-container\" ><input type=\"hidden\" name=\"wpforms[id]\" value=\"3834\"><input type=\"hidden\" name=\"page_title\" value=\"\"><input type=\"hidden\" name=\"page_url\" value=\"https:\/\/hojassueltas.es\/index.php?rest_route=\/wp\/v2\/pages\/3843\"><input type=\"hidden\" name=\"url_referer\" value=\"\"><button type=\"submit\" name=\"wpforms[submit]\" id=\"wpforms-submit-3834\" class=\"wpforms-submit\" data-alt-text=\"Enviado\" data-submit-text=\"Enviar\" aria-live=\"assertive\" value=\"wpforms-submit\">Enviar<\/button><img loading=\"lazy\" decoding=\"async\" src=\"https:\/\/hojassueltas.es\/wp-content\/plugins\/wpforms-lite\/assets\/images\/submit-spin.svg\" class=\"wpforms-submit-spinner\" style=\"display: none;\" width=\"26\" height=\"26\" alt=\"Cargando\"><\/div><\/form><\/div>  <!-- .wpforms-container --><\/strong><\/span><\/p>\n","protected":false},"excerpt":{"rendered":"<p>Si te gusta leer HOJAS SUELTAS y deseas mantenerte informado de aquellas noticias m\u00e1s importantes y destacadas, puedes suscribirte a nuestro bolet\u00edn digital H.S. cumplimentando el siguiente formulario. Gracias por leernos.<\/p>\n","protected":false},"author":1,"featured_media":0,"parent":0,"menu_order":0,"comment_status":"closed","ping_status":"closed","template":"","meta":{"footnotes":""},"class_list":["post-3843","page","type-page","status-publish"],"yoast_head":"<!-- This site is optimized with the Yoast SEO plugin v27.4 - https:\/\/yoast.com\/product\/yoast-seo-wordpress\/ -->\n<title>HOJAS SUELTAS Peri\u00f3dico Cultural | % Suscripci\u00f3n al bolet\u00edn |<\/title>\n<meta name=\"description\" content=\"HOJAS SUELTAS Peri\u00f3dico Cultural\" \/>\n<meta name=\"robots\" content=\"index, follow, max-snippet:-1, max-image-preview:large, max-video-preview:-1\" \/>\n<link rel=\"canonical\" href=\"https:\/\/hojassueltas.es\/?page_id=3843\" \/>\n<meta property=\"og:locale\" content=\"es_ES\" \/>\n<meta property=\"og:type\" content=\"article\" \/>\n<meta property=\"og:title\" content=\"HOJAS SUELTAS Peri\u00f3dico Cultural | % Suscripci\u00f3n al bolet\u00edn |\" \/>\n<meta property=\"og:description\" content=\"HOJAS SUELTAS Peri\u00f3dico Cultural\" \/>\n<meta property=\"og:url\" content=\"https:\/\/hojassueltas.es\/?page_id=3843\" \/>\n<meta property=\"og:site_name\" content=\"HOJAS SUELTAS Peri\u00f3dico Cultural\" \/>\n<meta property=\"article:modified_time\" content=\"2025-05-21T07:34:01+00:00\" \/>\n<meta property=\"og:image\" content=\"https:\/\/hojassueltas.es\/wp-content\/uploads\/2025\/09\/Hojas-Sueltas_Logo-III_trans.png\" \/>\n\t<meta property=\"og:image:width\" content=\"485\" \/>\n\t<meta property=\"og:image:height\" content=\"80\" \/>\n\t<meta property=\"og:image:type\" content=\"image\/png\" \/>\n<meta name=\"twitter:card\" content=\"summary_large_image\" \/>\n<meta name=\"twitter:site\" content=\"@HOJASSUELTAS22\" \/>\n<meta name=\"twitter:label1\" content=\"Tiempo de lectura\" \/>\n\t<meta name=\"twitter:data1\" content=\"1 minuto\" \/>\n<script type=\"application\/ld+json\" class=\"yoast-schema-graph\">{\"@context\":\"https:\\\/\\\/schema.org\",\"@graph\":[{\"@type\":\"WebPage\",\"@id\":\"https:\\\/\\\/hojassueltas.es\\\/?page_id=3843\",\"url\":\"https:\\\/\\\/hojassueltas.es\\\/?page_id=3843\",\"name\":\"HOJAS SUELTAS Peri\u00f3dico Cultural | % Suscripci\u00f3n al bolet\u00edn |\",\"isPartOf\":{\"@id\":\"https:\\\/\\\/hojassueltas.es\\\/#website\"},\"datePublished\":\"2023-04-28T09:50:28+00:00\",\"dateModified\":\"2025-05-21T07:34:01+00:00\",\"description\":\"HOJAS SUELTAS Peri\u00f3dico Cultural\",\"breadcrumb\":{\"@id\":\"https:\\\/\\\/hojassueltas.es\\\/?page_id=3843#breadcrumb\"},\"inLanguage\":\"es\",\"potentialAction\":[{\"@type\":\"ReadAction\",\"target\":[\"https:\\\/\\\/hojassueltas.es\\\/?page_id=3843\"]}]},{\"@type\":\"BreadcrumbList\",\"@id\":\"https:\\\/\\\/hojassueltas.es\\\/?page_id=3843#breadcrumb\",\"itemListElement\":[{\"@type\":\"ListItem\",\"position\":1,\"name\":\"Portada\",\"item\":\"https:\\\/\\\/hojassueltas.es\\\/\"},{\"@type\":\"ListItem\",\"position\":2,\"name\":\"Suscripci\u00f3n al bolet\u00edn\"}]},{\"@type\":\"WebSite\",\"@id\":\"https:\\\/\\\/hojassueltas.es\\\/#website\",\"url\":\"https:\\\/\\\/hojassueltas.es\\\/\",\"name\":\"HojasSueltas.es\",\"description\":\"GRANADA - Peri\u00f3dico Cultural\",\"publisher\":{\"@id\":\"https:\\\/\\\/hojassueltas.es\\\/#organization\"},\"alternateName\":\"H.S. Periodico Cultural\",\"potentialAction\":[{\"@type\":\"SearchAction\",\"target\":{\"@type\":\"EntryPoint\",\"urlTemplate\":\"https:\\\/\\\/hojassueltas.es\\\/?s={search_term_string}\"},\"query-input\":{\"@type\":\"PropertyValueSpecification\",\"valueRequired\":true,\"valueName\":\"search_term_string\"}}],\"inLanguage\":\"es\"},{\"@type\":\"Organization\",\"@id\":\"https:\\\/\\\/hojassueltas.es\\\/#organization\",\"name\":\"HOJAS SUELTAS - Peri\u00f3dico Cultural\",\"alternateName\":\"HS - HOJAS SUELTAS Peri\u00f3dico Cultural\",\"url\":\"https:\\\/\\\/hojassueltas.es\\\/\",\"logo\":{\"@type\":\"ImageObject\",\"inLanguage\":\"es\",\"@id\":\"https:\\\/\\\/hojassueltas.es\\\/#\\\/schema\\\/logo\\\/image\\\/\",\"url\":\"https:\\\/\\\/hojassueltas.es\\\/wp-content\\\/uploads\\\/2025\\\/08\\\/Icono-HS_2.png\",\"contentUrl\":\"https:\\\/\\\/hojassueltas.es\\\/wp-content\\\/uploads\\\/2025\\\/08\\\/Icono-HS_2.png\",\"width\":500,\"height\":500,\"caption\":\"HOJAS SUELTAS - Peri\u00f3dico Cultural\"},\"image\":{\"@id\":\"https:\\\/\\\/hojassueltas.es\\\/#\\\/schema\\\/logo\\\/image\\\/\"},\"sameAs\":[\"https:\\\/\\\/x.com\\\/HOJASSUELTAS22\"]}]}<\/script>\n<!-- \/ Yoast SEO plugin. -->","yoast_head_json":{"title":"HOJAS SUELTAS Peri\u00f3dico Cultural | % Suscripci\u00f3n al bolet\u00edn |","description":"HOJAS SUELTAS Peri\u00f3dico Cultural","robots":{"index":"index","follow":"follow","max-snippet":"max-snippet:-1","max-image-preview":"max-image-preview:large","max-video-preview":"max-video-preview:-1"},"canonical":"https:\/\/hojassueltas.es\/?page_id=3843","og_locale":"es_ES","og_type":"article","og_title":"HOJAS SUELTAS Peri\u00f3dico Cultural | % Suscripci\u00f3n al bolet\u00edn |","og_description":"HOJAS SUELTAS Peri\u00f3dico Cultural","og_url":"https:\/\/hojassueltas.es\/?page_id=3843","og_site_name":"HOJAS SUELTAS Peri\u00f3dico Cultural","article_modified_time":"2025-05-21T07:34:01+00:00","og_image":[{"width":485,"height":80,"url":"https:\/\/hojassueltas.es\/wp-content\/uploads\/2025\/09\/Hojas-Sueltas_Logo-III_trans.png","type":"image\/png"}],"twitter_card":"summary_large_image","twitter_site":"@HOJASSUELTAS22","twitter_misc":{"Tiempo de lectura":"1 minuto"},"schema":{"@context":"https:\/\/schema.org","@graph":[{"@type":"WebPage","@id":"https:\/\/hojassueltas.es\/?page_id=3843","url":"https:\/\/hojassueltas.es\/?page_id=3843","name":"HOJAS SUELTAS Peri\u00f3dico Cultural | % Suscripci\u00f3n al bolet\u00edn |","isPartOf":{"@id":"https:\/\/hojassueltas.es\/#website"},"datePublished":"2023-04-28T09:50:28+00:00","dateModified":"2025-05-21T07:34:01+00:00","description":"HOJAS SUELTAS Peri\u00f3dico Cultural","breadcrumb":{"@id":"https:\/\/hojassueltas.es\/?page_id=3843#breadcrumb"},"inLanguage":"es","potentialAction":[{"@type":"ReadAction","target":["https:\/\/hojassueltas.es\/?page_id=3843"]}]},{"@type":"BreadcrumbList","@id":"https:\/\/hojassueltas.es\/?page_id=3843#breadcrumb","itemListElement":[{"@type":"ListItem","position":1,"name":"Portada","item":"https:\/\/hojassueltas.es\/"},{"@type":"ListItem","position":2,"name":"Suscripci\u00f3n al bolet\u00edn"}]},{"@type":"WebSite","@id":"https:\/\/hojassueltas.es\/#website","url":"https:\/\/hojassueltas.es\/","name":"HojasSueltas.es","description":"GRANADA - Peri\u00f3dico Cultural","publisher":{"@id":"https:\/\/hojassueltas.es\/#organization"},"alternateName":"H.S. Periodico Cultural","potentialAction":[{"@type":"SearchAction","target":{"@type":"EntryPoint","urlTemplate":"https:\/\/hojassueltas.es\/?s={search_term_string}"},"query-input":{"@type":"PropertyValueSpecification","valueRequired":true,"valueName":"search_term_string"}}],"inLanguage":"es"},{"@type":"Organization","@id":"https:\/\/hojassueltas.es\/#organization","name":"HOJAS SUELTAS - Peri\u00f3dico Cultural","alternateName":"HS - HOJAS SUELTAS Peri\u00f3dico Cultural","url":"https:\/\/hojassueltas.es\/","logo":{"@type":"ImageObject","inLanguage":"es","@id":"https:\/\/hojassueltas.es\/#\/schema\/logo\/image\/","url":"https:\/\/hojassueltas.es\/wp-content\/uploads\/2025\/08\/Icono-HS_2.png","contentUrl":"https:\/\/hojassueltas.es\/wp-content\/uploads\/2025\/08\/Icono-HS_2.png","width":500,"height":500,"caption":"HOJAS SUELTAS - Peri\u00f3dico Cultural"},"image":{"@id":"https:\/\/hojassueltas.es\/#\/schema\/logo\/image\/"},"sameAs":["https:\/\/x.com\/HOJASSUELTAS22"]}]}},"_links":{"self":[{"href":"https:\/\/hojassueltas.es\/index.php?rest_route=\/wp\/v2\/pages\/3843","targetHints":{"allow":["GET"]}}],"collection":[{"href":"https:\/\/hojassueltas.es\/index.php?rest_route=\/wp\/v2\/pages"}],"about":[{"href":"https:\/\/hojassueltas.es\/index.php?rest_route=\/wp\/v2\/types\/page"}],"author":[{"embeddable":true,"href":"https:\/\/hojassueltas.es\/index.php?rest_route=\/wp\/v2\/users\/1"}],"replies":[{"embeddable":true,"href":"https:\/\/hojassueltas.es\/index.php?rest_route=%2Fwp%2Fv2%2Fcomments&post=3843"}],"version-history":[{"count":7,"href":"https:\/\/hojassueltas.es\/index.php?rest_route=\/wp\/v2\/pages\/3843\/revisions"}],"predecessor-version":[{"id":20421,"href":"https:\/\/hojassueltas.es\/index.php?rest_route=\/wp\/v2\/pages\/3843\/revisions\/20421"}],"wp:attachment":[{"href":"https:\/\/hojassueltas.es\/index.php?rest_route=%2Fwp%2Fv2%2Fmedia&parent=3843"}],"curies":[{"name":"wp","href":"https:\/\/api.w.org\/{rel}","templated":true}]}}