{"id":17887,"date":"2025-02-11T12:39:14","date_gmt":"2025-02-11T11:39:14","guid":{"rendered":"https:\/\/hojassueltas.es\/?page_id=17887"},"modified":"2025-11-27T13:31:37","modified_gmt":"2025-11-27T11:31:37","slug":"contacto-2","status":"publish","type":"page","link":"https:\/\/hojassueltas.es\/?page_id=17887","title":{"rendered":"ATENCI\u00d3N AL LECTOR"},"content":{"rendered":"<p style=\"text-align: center;\"><img loading=\"lazy\" decoding=\"async\" class=\"alignnone size-medium wp-image-11890\" src=\"https:\/\/hojassueltas.es\/wp-content\/uploads\/2024\/06\/HOJAS-SUELTAS_Cabecera-Junio-2024_trans-300x47.png\" alt=\"\" width=\"300\" height=\"47\" srcset=\"https:\/\/hojassueltas.es\/wp-content\/uploads\/2024\/06\/HOJAS-SUELTAS_Cabecera-Junio-2024_trans-300x47.png 300w, https:\/\/hojassueltas.es\/wp-content\/uploads\/2024\/06\/HOJAS-SUELTAS_Cabecera-Junio-2024_trans-1050x165.png 1050w, https:\/\/hojassueltas.es\/wp-content\/uploads\/2024\/06\/HOJAS-SUELTAS_Cabecera-Junio-2024_trans-768x121.png 768w, https:\/\/hojassueltas.es\/wp-content\/uploads\/2024\/06\/HOJAS-SUELTAS_Cabecera-Junio-2024_trans-150x24.png 150w, https:\/\/hojassueltas.es\/wp-content\/uploads\/2024\/06\/HOJAS-SUELTAS_Cabecera-Junio-2024_trans-696x109.png 696w, https:\/\/hojassueltas.es\/wp-content\/uploads\/2024\/06\/HOJAS-SUELTAS_Cabecera-Junio-2024_trans-1068x168.png 1068w, https:\/\/hojassueltas.es\/wp-content\/uploads\/2024\/06\/HOJAS-SUELTAS_Cabecera-Junio-2024_trans.png 1178w\" sizes=\"auto, (max-width: 300px) 100vw, 300px\" \/><\/p>\n<p style=\"text-align: center;\"><span style=\"font-family: arial black, sans-serif;\">ATENCI\u00d3N AL LECTOR<\/span><\/p>\n<hr \/>\n<p style=\"text-align: center;\">\u00a0Si deseas contactar con cualquier departamento, exponer errores, o quejas, puedes contactar con:<\/p>\n<p style=\"text-align: center;\"><a href=\"mailto:redaccion@hojassueltas.es\"><span style=\"color: #0000ff;\"><strong>redaccion@hojassueltas.es<\/strong><\/span><\/a><\/p>\n<p style=\"text-align: center;\">Informaci\u00f3n sobre alguna secci\u00f3n, normas para publicar colaboraciones, formatos etc.,\u00a0 contacta con:<\/p>\n<p style=\"text-align: center;\"><span style=\"color: #0000ff;\"><strong><a style=\"color: #0000ff;\" href=\"mailto:redaccion@hojassueltas.es\">VC-redactorjefe@hojassueltas.es<\/a><\/strong><\/span><\/p>\n<p style=\"text-align: center;\">Para cualquier otro tema, sugerencias para mejorar el peri\u00f3dico agradeceremos contactar con:<\/p>\n<p style=\"text-align: center;\"><strong><span style=\"color: #0000ff;\">atencionalcliente@hojassueltas.es<\/span><\/strong><\/p>\n<p>\u00a0En cualquier caso, perm\u00edtenos un peque\u00f1o plazo para analizar tu comunicaci\u00f3n y responderte.<\/p>\n<hr \/>\n<p>&nbsp;<\/p>\n<p>&nbsp;<\/p>\n","protected":false},"excerpt":{"rendered":"<p>ATENCI\u00d3N AL LECTOR \u00a0Si deseas contactar con cualquier departamento, exponer errores, o quejas, puedes contactar con: redaccion@hojassueltas.es Informaci\u00f3n sobre alguna secci\u00f3n, normas para publicar colaboraciones, formatos etc.,\u00a0 contacta con: VC-redactorjefe@hojassueltas.es Para cualquier otro tema, sugerencias para mejorar el peri\u00f3dico agradeceremos contactar con: atencionalcliente@hojassueltas.es \u00a0En cualquier caso, perm\u00edtenos un peque\u00f1o plazo para analizar tu comunicaci\u00f3n y [&hellip;]<\/p>\n","protected":false},"author":1,"featured_media":0,"parent":0,"menu_order":0,"comment_status":"closed","ping_status":"closed","template":"","meta":{"footnotes":""},"class_list":["post-17887","page","type-page","status-publish"],"yoast_head":"<!-- This site is optimized with the Yoast SEO plugin v27.6 - https:\/\/yoast.com\/product\/yoast-seo-wordpress\/ -->\n<title>HOJAS SUELTAS Peri\u00f3dico Cultural | % ATENCI\u00d3N AL LECTOR |<\/title>\n<meta name=\"description\" content=\"HOJAS SUELTAS Peri\u00f3dico Cultural\" \/>\n<meta name=\"robots\" content=\"index, follow, max-snippet:-1, max-image-preview:large, max-video-preview:-1\" \/>\n<link rel=\"canonical\" href=\"https:\/\/hojassueltas.es\/?page_id=17887\" \/>\n<meta property=\"og:locale\" content=\"es_ES\" \/>\n<meta property=\"og:type\" content=\"article\" \/>\n<meta property=\"og:title\" content=\"HOJAS SUELTAS Peri\u00f3dico Cultural | % ATENCI\u00d3N AL LECTOR |\" \/>\n<meta property=\"og:description\" content=\"HOJAS SUELTAS Peri\u00f3dico Cultural\" \/>\n<meta property=\"og:url\" content=\"https:\/\/hojassueltas.es\/?page_id=17887\" \/>\n<meta property=\"og:site_name\" content=\"HOJAS SUELTAS Peri\u00f3dico Cultural\" \/>\n<meta property=\"article:modified_time\" content=\"2025-11-27T11:31:37+00:00\" \/>\n<meta property=\"og:image\" content=\"https:\/\/hojassueltas.es\/wp-content\/uploads\/2024\/06\/HOJAS-SUELTAS_Cabecera-Junio-2024_trans.png\" \/>\n\t<meta property=\"og:image:width\" content=\"1178\" \/>\n\t<meta property=\"og:image:height\" content=\"185\" \/>\n\t<meta property=\"og:image:type\" content=\"image\/png\" \/>\n<meta name=\"twitter:card\" content=\"summary_large_image\" \/>\n<meta name=\"twitter:site\" content=\"@HOJASSUELTAS22\" \/>\n<meta name=\"twitter:label1\" content=\"Tiempo de lectura\" \/>\n\t<meta name=\"twitter:data1\" content=\"1 minuto\" \/>\n<script type=\"application\/ld+json\" class=\"yoast-schema-graph\">{\"@context\":\"https:\\\/\\\/schema.org\",\"@graph\":[{\"@type\":\"WebPage\",\"@id\":\"https:\\\/\\\/hojassueltas.es\\\/?page_id=17887\",\"url\":\"https:\\\/\\\/hojassueltas.es\\\/?page_id=17887\",\"name\":\"HOJAS SUELTAS Peri\u00f3dico Cultural | % ATENCI\u00d3N AL LECTOR |\",\"isPartOf\":{\"@id\":\"https:\\\/\\\/hojassueltas.es\\\/#website\"},\"primaryImageOfPage\":{\"@id\":\"https:\\\/\\\/hojassueltas.es\\\/?page_id=17887#primaryimage\"},\"image\":{\"@id\":\"https:\\\/\\\/hojassueltas.es\\\/?page_id=17887#primaryimage\"},\"thumbnailUrl\":\"https:\\\/\\\/hojassueltas.es\\\/wp-content\\\/uploads\\\/2024\\\/06\\\/HOJAS-SUELTAS_Cabecera-Junio-2024_trans-300x47.png\",\"datePublished\":\"2025-02-11T11:39:14+00:00\",\"dateModified\":\"2025-11-27T11:31:37+00:00\",\"description\":\"HOJAS SUELTAS Peri\u00f3dico Cultural\",\"breadcrumb\":{\"@id\":\"https:\\\/\\\/hojassueltas.es\\\/?page_id=17887#breadcrumb\"},\"inLanguage\":\"es\",\"potentialAction\":[{\"@type\":\"ReadAction\",\"target\":[\"https:\\\/\\\/hojassueltas.es\\\/?page_id=17887\"]}]},{\"@type\":\"ImageObject\",\"inLanguage\":\"es\",\"@id\":\"https:\\\/\\\/hojassueltas.es\\\/?page_id=17887#primaryimage\",\"url\":\"https:\\\/\\\/hojassueltas.es\\\/wp-content\\\/uploads\\\/2024\\\/06\\\/HOJAS-SUELTAS_Cabecera-Junio-2024_trans.png\",\"contentUrl\":\"https:\\\/\\\/hojassueltas.es\\\/wp-content\\\/uploads\\\/2024\\\/06\\\/HOJAS-SUELTAS_Cabecera-Junio-2024_trans.png\",\"width\":1178,\"height\":185},{\"@type\":\"BreadcrumbList\",\"@id\":\"https:\\\/\\\/hojassueltas.es\\\/?page_id=17887#breadcrumb\",\"itemListElement\":[{\"@type\":\"ListItem\",\"position\":1,\"name\":\"Portada\",\"item\":\"https:\\\/\\\/hojassueltas.es\\\/\"},{\"@type\":\"ListItem\",\"position\":2,\"name\":\"ATENCI\u00d3N AL LECTOR\"}]},{\"@type\":\"WebSite\",\"@id\":\"https:\\\/\\\/hojassueltas.es\\\/#website\",\"url\":\"https:\\\/\\\/hojassueltas.es\\\/\",\"name\":\"HojasSueltas.es\",\"description\":\"GRANADA - Peri\u00f3dico Cultural\",\"publisher\":{\"@id\":\"https:\\\/\\\/hojassueltas.es\\\/#organization\"},\"alternateName\":\"H.S. Periodico Cultural\",\"potentialAction\":[{\"@type\":\"SearchAction\",\"target\":{\"@type\":\"EntryPoint\",\"urlTemplate\":\"https:\\\/\\\/hojassueltas.es\\\/?s={search_term_string}\"},\"query-input\":{\"@type\":\"PropertyValueSpecification\",\"valueRequired\":true,\"valueName\":\"search_term_string\"}}],\"inLanguage\":\"es\"},{\"@type\":\"Organization\",\"@id\":\"https:\\\/\\\/hojassueltas.es\\\/#organization\",\"name\":\"HOJAS SUELTAS - Peri\u00f3dico Cultural\",\"alternateName\":\"HS - HOJAS SUELTAS Peri\u00f3dico Cultural\",\"url\":\"https:\\\/\\\/hojassueltas.es\\\/\",\"logo\":{\"@type\":\"ImageObject\",\"inLanguage\":\"es\",\"@id\":\"https:\\\/\\\/hojassueltas.es\\\/#\\\/schema\\\/logo\\\/image\\\/\",\"url\":\"https:\\\/\\\/hojassueltas.es\\\/wp-content\\\/uploads\\\/2025\\\/08\\\/Icono-HS_2.png\",\"contentUrl\":\"https:\\\/\\\/hojassueltas.es\\\/wp-content\\\/uploads\\\/2025\\\/08\\\/Icono-HS_2.png\",\"width\":500,\"height\":500,\"caption\":\"HOJAS SUELTAS - Peri\u00f3dico Cultural\"},\"image\":{\"@id\":\"https:\\\/\\\/hojassueltas.es\\\/#\\\/schema\\\/logo\\\/image\\\/\"},\"sameAs\":[\"https:\\\/\\\/x.com\\\/HOJASSUELTAS22\"]}]}<\/script>\n<!-- \/ Yoast SEO plugin. -->","yoast_head_json":{"title":"HOJAS SUELTAS Peri\u00f3dico Cultural | % ATENCI\u00d3N AL LECTOR |","description":"HOJAS SUELTAS Peri\u00f3dico Cultural","robots":{"index":"index","follow":"follow","max-snippet":"max-snippet:-1","max-image-preview":"max-image-preview:large","max-video-preview":"max-video-preview:-1"},"canonical":"https:\/\/hojassueltas.es\/?page_id=17887","og_locale":"es_ES","og_type":"article","og_title":"HOJAS SUELTAS Peri\u00f3dico Cultural | % ATENCI\u00d3N AL LECTOR |","og_description":"HOJAS SUELTAS Peri\u00f3dico Cultural","og_url":"https:\/\/hojassueltas.es\/?page_id=17887","og_site_name":"HOJAS SUELTAS Peri\u00f3dico Cultural","article_modified_time":"2025-11-27T11:31:37+00:00","og_image":[{"width":1178,"height":185,"url":"https:\/\/hojassueltas.es\/wp-content\/uploads\/2024\/06\/HOJAS-SUELTAS_Cabecera-Junio-2024_trans.png","type":"image\/png"}],"twitter_card":"summary_large_image","twitter_site":"@HOJASSUELTAS22","twitter_misc":{"Tiempo de lectura":"1 minuto"},"schema":{"@context":"https:\/\/schema.org","@graph":[{"@type":"WebPage","@id":"https:\/\/hojassueltas.es\/?page_id=17887","url":"https:\/\/hojassueltas.es\/?page_id=17887","name":"HOJAS SUELTAS Peri\u00f3dico Cultural | % ATENCI\u00d3N AL LECTOR |","isPartOf":{"@id":"https:\/\/hojassueltas.es\/#website"},"primaryImageOfPage":{"@id":"https:\/\/hojassueltas.es\/?page_id=17887#primaryimage"},"image":{"@id":"https:\/\/hojassueltas.es\/?page_id=17887#primaryimage"},"thumbnailUrl":"https:\/\/hojassueltas.es\/wp-content\/uploads\/2024\/06\/HOJAS-SUELTAS_Cabecera-Junio-2024_trans-300x47.png","datePublished":"2025-02-11T11:39:14+00:00","dateModified":"2025-11-27T11:31:37+00:00","description":"HOJAS SUELTAS Peri\u00f3dico Cultural","breadcrumb":{"@id":"https:\/\/hojassueltas.es\/?page_id=17887#breadcrumb"},"inLanguage":"es","potentialAction":[{"@type":"ReadAction","target":["https:\/\/hojassueltas.es\/?page_id=17887"]}]},{"@type":"ImageObject","inLanguage":"es","@id":"https:\/\/hojassueltas.es\/?page_id=17887#primaryimage","url":"https:\/\/hojassueltas.es\/wp-content\/uploads\/2024\/06\/HOJAS-SUELTAS_Cabecera-Junio-2024_trans.png","contentUrl":"https:\/\/hojassueltas.es\/wp-content\/uploads\/2024\/06\/HOJAS-SUELTAS_Cabecera-Junio-2024_trans.png","width":1178,"height":185},{"@type":"BreadcrumbList","@id":"https:\/\/hojassueltas.es\/?page_id=17887#breadcrumb","itemListElement":[{"@type":"ListItem","position":1,"name":"Portada","item":"https:\/\/hojassueltas.es\/"},{"@type":"ListItem","position":2,"name":"ATENCI\u00d3N AL LECTOR"}]},{"@type":"WebSite","@id":"https:\/\/hojassueltas.es\/#website","url":"https:\/\/hojassueltas.es\/","name":"HojasSueltas.es","description":"GRANADA - Peri\u00f3dico Cultural","publisher":{"@id":"https:\/\/hojassueltas.es\/#organization"},"alternateName":"H.S. Periodico Cultural","potentialAction":[{"@type":"SearchAction","target":{"@type":"EntryPoint","urlTemplate":"https:\/\/hojassueltas.es\/?s={search_term_string}"},"query-input":{"@type":"PropertyValueSpecification","valueRequired":true,"valueName":"search_term_string"}}],"inLanguage":"es"},{"@type":"Organization","@id":"https:\/\/hojassueltas.es\/#organization","name":"HOJAS SUELTAS - Peri\u00f3dico Cultural","alternateName":"HS - HOJAS SUELTAS Peri\u00f3dico Cultural","url":"https:\/\/hojassueltas.es\/","logo":{"@type":"ImageObject","inLanguage":"es","@id":"https:\/\/hojassueltas.es\/#\/schema\/logo\/image\/","url":"https:\/\/hojassueltas.es\/wp-content\/uploads\/2025\/08\/Icono-HS_2.png","contentUrl":"https:\/\/hojassueltas.es\/wp-content\/uploads\/2025\/08\/Icono-HS_2.png","width":500,"height":500,"caption":"HOJAS SUELTAS - Peri\u00f3dico Cultural"},"image":{"@id":"https:\/\/hojassueltas.es\/#\/schema\/logo\/image\/"},"sameAs":["https:\/\/x.com\/HOJASSUELTAS22"]}]}},"_links":{"self":[{"href":"https:\/\/hojassueltas.es\/index.php?rest_route=\/wp\/v2\/pages\/17887","targetHints":{"allow":["GET"]}}],"collection":[{"href":"https:\/\/hojassueltas.es\/index.php?rest_route=\/wp\/v2\/pages"}],"about":[{"href":"https:\/\/hojassueltas.es\/index.php?rest_route=\/wp\/v2\/types\/page"}],"author":[{"embeddable":true,"href":"https:\/\/hojassueltas.es\/index.php?rest_route=\/wp\/v2\/users\/1"}],"replies":[{"embeddable":true,"href":"https:\/\/hojassueltas.es\/index.php?rest_route=%2Fwp%2Fv2%2Fcomments&post=17887"}],"version-history":[{"count":6,"href":"https:\/\/hojassueltas.es\/index.php?rest_route=\/wp\/v2\/pages\/17887\/revisions"}],"predecessor-version":[{"id":25317,"href":"https:\/\/hojassueltas.es\/index.php?rest_route=\/wp\/v2\/pages\/17887\/revisions\/25317"}],"wp:attachment":[{"href":"https:\/\/hojassueltas.es\/index.php?rest_route=%2Fwp%2Fv2%2Fmedia&parent=17887"}],"curies":[{"name":"wp","href":"https:\/\/api.w.org\/{rel}","templated":true}]}}