{"id":1745,"date":"2023-02-18T12:08:36","date_gmt":"2023-02-18T11:08:36","guid":{"rendered":"https:\/\/hojassueltas.aldoediciones.es\/?page_id=1745"},"modified":"2023-02-18T15:32:24","modified_gmt":"2023-02-18T14:32:24","slug":"publicidad","status":"publish","type":"page","link":"https:\/\/hojassueltas.es\/?page_id=1745","title":{"rendered":"Publicidad"},"content":{"rendered":"<h2 style=\"text-align: center;\"><strong>PUBLICIDAD EN \u00abHOJAS SUELTAS\u00bb<\/strong><\/h2>\n<p style=\"text-align: center;\"><strong>(Empresas, Editoriales, Autores etc.) <\/strong><\/p>\n<p style=\"text-align: center;\">Tarifas y M\u00f3dulos 2023<\/p>\n<p style=\"text-align: center;\">\u00a0\u00a0\u00a0\u00a0\u00a0 Incluyen imagen y clic a la URL del anunciante<\/p>\n<p style=\"text-align: center;\"><strong>MODULO 1: Banner 2000\u00a0 xc 300 px.<\/strong><\/p>\n<p style=\"text-align: center;\"><strong>PORTADA revista<\/strong><\/p>\n<p><img loading=\"lazy\" decoding=\"async\" class=\"alignnone wp-image-1450 size-large\" src=\"https:\/\/hojassueltas.es\/wp-content\/uploads\/2023\/02\/PECADOS-DEL-ARTE_Banner_Web-1024x164.jpg\" alt=\"\" width=\"696\" height=\"111\" \/><\/p>\n<p>&nbsp;<\/p>\n<table>\n<tbody>\n<tr>\n<td width=\"123\">1 Semana<\/td>\n<td width=\"132\">Espacio superior<\/td>\n<td width=\"77\">40,00 \u20ac<\/td>\n<\/tr>\n<tr>\n<td width=\"123\">2 Semanas<\/td>\n<td width=\"132\">Espacio superior<\/td>\n<td width=\"77\">76,00\u20ac<\/td>\n<\/tr>\n<tr>\n<td width=\"123\">3 Semanas<\/td>\n<td width=\"132\">Espacio Superior<\/td>\n<td width=\"77\">108,00\u20ac<\/td>\n<\/tr>\n<tr>\n<td width=\"123\">1 Semana<\/td>\n<td width=\"132\">Previo fald\u00f3n<\/td>\n<td width=\"77\">30,00\u20ac<\/td>\n<\/tr>\n<tr>\n<td width=\"123\">2 semanas<\/td>\n<td width=\"132\">Previo fald\u00f3n<\/td>\n<td width=\"77\">57,00\u20ac<\/td>\n<\/tr>\n<tr>\n<td width=\"123\">3 semanas<\/td>\n<td width=\"132\">Previo fald\u00f3n<\/td>\n<td width=\"77\">81,00\u20ac<\/td>\n<\/tr>\n<\/tbody>\n<\/table>\n<p>&nbsp;<\/p>\n<p style=\"text-align: center;\"><strong>MODULO 2: Banner\u00a0 450 x 125 px<\/strong><\/p>\n<p style=\"text-align: center;\"><strong>PORTADA Entre informaciones<\/strong><\/p>\n<p style=\"text-align: center;\"><img loading=\"lazy\" decoding=\"async\" class=\"alignnone size-medium wp-image-1427\" src=\"https:\/\/hojassueltas.es\/wp-content\/uploads\/2023\/02\/sKYTLALE_web-300x100.png\" alt=\"\" width=\"300\" height=\"100\" \/><strong>\u00a0<\/strong><\/p>\n<table>\n<tbody>\n<tr>\n<td width=\"123\">1 Semana<\/td>\n<td width=\"132\"><strong>\u00a0<\/strong><\/td>\n<td width=\"76\"><strong>25,00\u20ac<\/strong><\/td>\n<\/tr>\n<tr>\n<td width=\"123\">2 Semanas<\/td>\n<td width=\"132\"><strong>\u00a0<\/strong><\/td>\n<td width=\"76\"><strong>47,50\u20ac<\/strong><\/td>\n<\/tr>\n<tr>\n<td width=\"123\">3 semanas<\/td>\n<td width=\"132\"><strong>\u00a0<\/strong><\/td>\n<td width=\"76\"><strong>67,50\u20ac<\/strong><\/td>\n<\/tr>\n<\/tbody>\n<\/table>\n<p>&nbsp;<\/p>\n<p style=\"text-align: center;\"><strong>MODULO 2: Banner\u00a0 450 x 125 px<\/strong><\/p>\n<p style=\"text-align: center;\"><strong>ENTRADAS\u00a0 Barra lateral derecha\u00a0<\/strong><\/p>\n<p><img loading=\"lazy\" decoding=\"async\" class=\"size-medium wp-image-1423 aligncenter\" src=\"https:\/\/hojassueltas.es\/wp-content\/uploads\/2023\/02\/Cheking-Risk_web-300x100.png\" alt=\"\" width=\"300\" height=\"100\" srcset=\"https:\/\/hojassueltas.es\/wp-content\/uploads\/2023\/02\/Cheking-Risk_web-300x100.png 300w, https:\/\/hojassueltas.es\/wp-content\/uploads\/2023\/02\/Cheking-Risk_web-150x50.png 150w, https:\/\/hojassueltas.es\/wp-content\/uploads\/2023\/02\/Cheking-Risk_web-696x232.png 696w, https:\/\/hojassueltas.es\/wp-content\/uploads\/2023\/02\/Cheking-Risk_web.png 750w\" sizes=\"auto, (max-width: 300px) 100vw, 300px\" \/><\/p>\n<p>&nbsp;<\/p>\n<table>\n<tbody>\n<tr>\n<td width=\"123\">1 Semana<\/td>\n<td width=\"132\"><strong>\u00a0<\/strong><\/td>\n<td width=\"76\"><strong>30,00\u20ac<\/strong><\/td>\n<\/tr>\n<tr>\n<td width=\"123\">2 Semanas<\/td>\n<td width=\"132\"><strong>\u00a0<\/strong><\/td>\n<td width=\"76\"><strong>57,00\u20ac<\/strong><\/td>\n<\/tr>\n<tr>\n<td width=\"123\">3 semanas<\/td>\n<td width=\"132\"><strong>\u00a0<\/strong><\/td>\n<td width=\"76\"><strong>81,00\u20ac<\/strong><\/td>\n<\/tr>\n<\/tbody>\n<\/table>\n<p>&nbsp;<\/p>\n<p style=\"text-align: center;\"><strong>MODULO 3: Cuadro\u00a0 450 x 350 px<\/strong><\/p>\n<p style=\"text-align: center;\"><strong>PORTADA\u00a0 mezclada con informaciones<\/strong><\/p>\n<p><img loading=\"lazy\" decoding=\"async\" class=\"size-medium wp-image-1421 aligncenter\" src=\"https:\/\/hojassueltas.es\/wp-content\/uploads\/2023\/02\/registro-P.I._Web-300x250.png\" alt=\"\" width=\"300\" height=\"250\" \/><\/p>\n<table>\n<tbody>\n<tr>\n<td width=\"123\">1 Semana<\/td>\n<td width=\"132\"><strong>\u00a0<\/strong><\/td>\n<td width=\"76\"><strong>35,00\u20ac<\/strong><\/td>\n<\/tr>\n<tr>\n<td width=\"123\">2 Semanas<\/td>\n<td width=\"132\"><strong>\u00a0<\/strong><\/td>\n<td width=\"76\"><strong>66,50\u20ac<\/strong><\/td>\n<\/tr>\n<tr>\n<td width=\"123\">3 semanas<\/td>\n<td width=\"132\"><strong>\u00a0<\/strong><\/td>\n<td width=\"76\"><strong>94,50\u20ac<\/strong><\/td>\n<\/tr>\n<\/tbody>\n<\/table>\n<p>&nbsp;<\/p>\n<p style=\"text-align: center;\"><strong>MODULO 3: Cuadro\u00a0 450 x 400 px<\/strong><\/p>\n<p style=\"text-align: center;\"><strong>ENTRADAS Barra lateral derecha<\/strong><\/p>\n<p><img loading=\"lazy\" decoding=\"async\" class=\"size-medium wp-image-1744 aligncenter\" src=\"https:\/\/hojassueltas.es\/wp-content\/uploads\/2023\/02\/PU-ICCD_WEB-300x267.gif\" alt=\"\" width=\"300\" height=\"267\" \/><\/p>\n<table>\n<tbody>\n<tr>\n<td width=\"123\">1 Semana<\/td>\n<td width=\"132\"><strong>\u00a0<\/strong><\/td>\n<td width=\"76\"><strong>30,00\u20ac<\/strong><\/td>\n<\/tr>\n<tr>\n<td width=\"123\">2 Semanas<\/td>\n<td width=\"132\"><strong>\u00a0<\/strong><\/td>\n<td width=\"76\"><strong>57,00\u20ac<\/strong><\/td>\n<\/tr>\n<tr>\n<td width=\"123\">3 semanas<\/td>\n<td width=\"132\"><strong>\u00a0<\/strong><\/td>\n<td width=\"76\"><strong>81,00\u20ac<\/strong><\/td>\n<\/tr>\n<\/tbody>\n<\/table>\n<p>&nbsp;<\/p>\n<p style=\"text-align: center;\"><strong>MODULO 4: \u00a0Robap\u00e1ginas \u00a0\u00a0300 x 450 px<\/strong><\/p>\n<p style=\"text-align: center;\"><strong>Incluido en el texto de Entrada-Post<\/strong><\/p>\n<p style=\"text-align: center;\"><img loading=\"lazy\" decoding=\"async\" class=\"alignnone size-medium wp-image-1752\" src=\"https:\/\/hojassueltas.es\/wp-content\/uploads\/2023\/02\/ROBA-PAGINAS-200x300.png\" alt=\"\" width=\"200\" height=\"300\" \/><\/p>\n<table>\n<tbody>\n<tr>\n<td width=\"123\">1 Semana<\/td>\n<td width=\"132\"><strong>\u00a0<\/strong><\/td>\n<td width=\"76\"><strong>25,00\u20ac<\/strong><\/td>\n<\/tr>\n<tr>\n<td width=\"123\">2 Semanas<\/td>\n<td width=\"132\"><strong>\u00a0<\/strong><\/td>\n<td width=\"76\"><strong>47,50\u20ac<\/strong><\/td>\n<\/tr>\n<tr>\n<td width=\"123\">3 semanas<\/td>\n<td width=\"132\"><strong>\u00a0<\/strong><\/td>\n<td width=\"76\"><strong>67,50\u20ac<\/strong><\/td>\n<\/tr>\n<\/tbody>\n<\/table>\n<p>&nbsp;<\/p>\n<hr \/>\n<p>LOS PRECIOS NO INCLUYEN I.V.A.<\/p>\n<p>Notas:<\/p>\n<ol>\n<li style=\"text-align: justify;\">Nuestro departamento de Marketing puede dise\u00f1ar los m\u00f3dulos, que merece presupuesto adicional, enviando los datos para su confecci\u00f3n.<\/li>\n<li>Los m\u00f3dulos enviados por el anunciante deben enviarse en Alta Calidad.<\/li>\n<\/ol>\n<p style=\"text-align: center;\"><strong>CONDICIONES DE CONTRATACI\u00d3N<\/strong><\/p>\n<p style=\"text-align: center;\">Solicitar presupuesto al Departamento de Marketing con los datos fiscales para su desarrollo, as\u00ed como el m\u00f3dulo elegido. Env\u00edo a trav\u00e9s del correo: \u00a0<a href=\"mailto:publicidad@hojassueltas.es\" target=\"_blank\" rel=\"noopener\"><strong>publicidad@hojassueltas.es<\/strong><\/a><\/p>\n<p style=\"text-align: justify;\">Aprobado y confirmado el presupuesto, remitir el m\u00f3dulo elegido confeccionado en JPG \u2013\u00a0 PNG en el tama\u00f1o propuesto y calidad HD, se\u00f1alando la semana o semanas de inclusi\u00f3n consecutiva inicial, as\u00ed como los datos del enlace (link) al pulsar el m\u00f3dulo los visitantes.Cualquier otro formato (Gif, v\u00eddeo etc) debe disponer de presupuesto previo.<\/p>\n<p>Antes de la publicaci\u00f3n deber\u00e1 realizar transferencia bancaria por el importe presupuestado aprobado a la cuenta de REGINA EXLIBRIS. Los datos del IBAN se facilitan en presupuesto.<\/p>\n<p>Confirmada la transferencia se proceder\u00e1 a la fijaci\u00f3n y publicaci\u00f3n en el lugar elegido.<\/p>\n","protected":false},"excerpt":{"rendered":"<p>PUBLICIDAD EN \u00abHOJAS SUELTAS\u00bb (Empresas, Editoriales, Autores etc.) Tarifas y M\u00f3dulos 2023 \u00a0\u00a0\u00a0\u00a0\u00a0 Incluyen imagen y clic a la URL del anunciante MODULO 1: Banner 2000\u00a0 xc 300 px. PORTADA revista &nbsp; 1 Semana Espacio superior 40,00 \u20ac 2 Semanas Espacio superior 76,00\u20ac 3 Semanas Espacio Superior 108,00\u20ac 1 Semana Previo fald\u00f3n 30,00\u20ac 2 semanas [&hellip;]<\/p>\n","protected":false},"author":1,"featured_media":0,"parent":0,"menu_order":0,"comment_status":"closed","ping_status":"closed","template":"","meta":{"footnotes":""},"class_list":["post-1745","page","type-page","status-publish"],"yoast_head":"<!-- This site is optimized with the Yoast SEO plugin v27.5 - https:\/\/yoast.com\/product\/yoast-seo-wordpress\/ -->\n<title>HOJAS SUELTAS Peri\u00f3dico Cultural | % Publicidad |<\/title>\n<meta name=\"description\" content=\"HOJAS SUELTAS Peri\u00f3dico Cultural\" \/>\n<meta name=\"robots\" content=\"index, follow, max-snippet:-1, max-image-preview:large, max-video-preview:-1\" \/>\n<link rel=\"canonical\" href=\"https:\/\/hojassueltas.es\/?page_id=1745\" \/>\n<meta property=\"og:locale\" content=\"es_ES\" \/>\n<meta property=\"og:type\" content=\"article\" \/>\n<meta property=\"og:title\" content=\"HOJAS SUELTAS Peri\u00f3dico Cultural | % Publicidad |\" \/>\n<meta property=\"og:description\" content=\"HOJAS SUELTAS Peri\u00f3dico Cultural\" \/>\n<meta property=\"og:url\" content=\"https:\/\/hojassueltas.es\/?page_id=1745\" \/>\n<meta property=\"og:site_name\" content=\"HOJAS SUELTAS Peri\u00f3dico Cultural\" \/>\n<meta property=\"article:modified_time\" content=\"2023-02-18T14:32:24+00:00\" \/>\n<meta property=\"og:image\" content=\"https:\/\/hojassueltas.es\/wp-content\/uploads\/2023\/02\/PECADOS-DEL-ARTE_Banner_Web-1024x164.jpg\" \/>\n<meta name=\"twitter:card\" content=\"summary_large_image\" \/>\n<meta name=\"twitter:site\" content=\"@HOJASSUELTAS22\" \/>\n<meta name=\"twitter:label1\" content=\"Tiempo de lectura\" \/>\n\t<meta name=\"twitter:data1\" content=\"3 minutos\" \/>\n<script type=\"application\/ld+json\" class=\"yoast-schema-graph\">{\"@context\":\"https:\\\/\\\/schema.org\",\"@graph\":[{\"@type\":\"WebPage\",\"@id\":\"https:\\\/\\\/hojassueltas.es\\\/?page_id=1745\",\"url\":\"https:\\\/\\\/hojassueltas.es\\\/?page_id=1745\",\"name\":\"HOJAS SUELTAS Peri\u00f3dico Cultural | % Publicidad |\",\"isPartOf\":{\"@id\":\"https:\\\/\\\/hojassueltas.es\\\/#website\"},\"primaryImageOfPage\":{\"@id\":\"https:\\\/\\\/hojassueltas.es\\\/?page_id=1745#primaryimage\"},\"image\":{\"@id\":\"https:\\\/\\\/hojassueltas.es\\\/?page_id=1745#primaryimage\"},\"thumbnailUrl\":\"https:\\\/\\\/hojassueltas.es\\\/wp-content\\\/uploads\\\/2023\\\/02\\\/PECADOS-DEL-ARTE_Banner_Web-1024x164.jpg\",\"datePublished\":\"2023-02-18T11:08:36+00:00\",\"dateModified\":\"2023-02-18T14:32:24+00:00\",\"description\":\"HOJAS SUELTAS Peri\u00f3dico Cultural\",\"breadcrumb\":{\"@id\":\"https:\\\/\\\/hojassueltas.es\\\/?page_id=1745#breadcrumb\"},\"inLanguage\":\"es\",\"potentialAction\":[{\"@type\":\"ReadAction\",\"target\":[\"https:\\\/\\\/hojassueltas.es\\\/?page_id=1745\"]}]},{\"@type\":\"ImageObject\",\"inLanguage\":\"es\",\"@id\":\"https:\\\/\\\/hojassueltas.es\\\/?page_id=1745#primaryimage\",\"url\":\"\",\"contentUrl\":\"\"},{\"@type\":\"BreadcrumbList\",\"@id\":\"https:\\\/\\\/hojassueltas.es\\\/?page_id=1745#breadcrumb\",\"itemListElement\":[{\"@type\":\"ListItem\",\"position\":1,\"name\":\"Portada\",\"item\":\"https:\\\/\\\/hojassueltas.es\\\/\"},{\"@type\":\"ListItem\",\"position\":2,\"name\":\"Publicidad\"}]},{\"@type\":\"WebSite\",\"@id\":\"https:\\\/\\\/hojassueltas.es\\\/#website\",\"url\":\"https:\\\/\\\/hojassueltas.es\\\/\",\"name\":\"HojasSueltas.es\",\"description\":\"GRANADA - Peri\u00f3dico Cultural\",\"publisher\":{\"@id\":\"https:\\\/\\\/hojassueltas.es\\\/#organization\"},\"alternateName\":\"H.S. Periodico Cultural\",\"potentialAction\":[{\"@type\":\"SearchAction\",\"target\":{\"@type\":\"EntryPoint\",\"urlTemplate\":\"https:\\\/\\\/hojassueltas.es\\\/?s={search_term_string}\"},\"query-input\":{\"@type\":\"PropertyValueSpecification\",\"valueRequired\":true,\"valueName\":\"search_term_string\"}}],\"inLanguage\":\"es\"},{\"@type\":\"Organization\",\"@id\":\"https:\\\/\\\/hojassueltas.es\\\/#organization\",\"name\":\"HOJAS SUELTAS - Peri\u00f3dico Cultural\",\"alternateName\":\"HS - HOJAS SUELTAS Peri\u00f3dico Cultural\",\"url\":\"https:\\\/\\\/hojassueltas.es\\\/\",\"logo\":{\"@type\":\"ImageObject\",\"inLanguage\":\"es\",\"@id\":\"https:\\\/\\\/hojassueltas.es\\\/#\\\/schema\\\/logo\\\/image\\\/\",\"url\":\"https:\\\/\\\/hojassueltas.es\\\/wp-content\\\/uploads\\\/2025\\\/08\\\/Icono-HS_2.png\",\"contentUrl\":\"https:\\\/\\\/hojassueltas.es\\\/wp-content\\\/uploads\\\/2025\\\/08\\\/Icono-HS_2.png\",\"width\":500,\"height\":500,\"caption\":\"HOJAS SUELTAS - Peri\u00f3dico Cultural\"},\"image\":{\"@id\":\"https:\\\/\\\/hojassueltas.es\\\/#\\\/schema\\\/logo\\\/image\\\/\"},\"sameAs\":[\"https:\\\/\\\/x.com\\\/HOJASSUELTAS22\"]}]}<\/script>\n<!-- \/ Yoast SEO plugin. -->","yoast_head_json":{"title":"HOJAS SUELTAS Peri\u00f3dico Cultural | % Publicidad |","description":"HOJAS SUELTAS Peri\u00f3dico Cultural","robots":{"index":"index","follow":"follow","max-snippet":"max-snippet:-1","max-image-preview":"max-image-preview:large","max-video-preview":"max-video-preview:-1"},"canonical":"https:\/\/hojassueltas.es\/?page_id=1745","og_locale":"es_ES","og_type":"article","og_title":"HOJAS SUELTAS Peri\u00f3dico Cultural | % Publicidad |","og_description":"HOJAS SUELTAS Peri\u00f3dico Cultural","og_url":"https:\/\/hojassueltas.es\/?page_id=1745","og_site_name":"HOJAS SUELTAS Peri\u00f3dico Cultural","article_modified_time":"2023-02-18T14:32:24+00:00","og_image":[{"url":"https:\/\/hojassueltas.es\/wp-content\/uploads\/2023\/02\/PECADOS-DEL-ARTE_Banner_Web-1024x164.jpg","type":"","width":"","height":""}],"twitter_card":"summary_large_image","twitter_site":"@HOJASSUELTAS22","twitter_misc":{"Tiempo de lectura":"3 minutos"},"schema":{"@context":"https:\/\/schema.org","@graph":[{"@type":"WebPage","@id":"https:\/\/hojassueltas.es\/?page_id=1745","url":"https:\/\/hojassueltas.es\/?page_id=1745","name":"HOJAS SUELTAS Peri\u00f3dico Cultural | % Publicidad |","isPartOf":{"@id":"https:\/\/hojassueltas.es\/#website"},"primaryImageOfPage":{"@id":"https:\/\/hojassueltas.es\/?page_id=1745#primaryimage"},"image":{"@id":"https:\/\/hojassueltas.es\/?page_id=1745#primaryimage"},"thumbnailUrl":"https:\/\/hojassueltas.es\/wp-content\/uploads\/2023\/02\/PECADOS-DEL-ARTE_Banner_Web-1024x164.jpg","datePublished":"2023-02-18T11:08:36+00:00","dateModified":"2023-02-18T14:32:24+00:00","description":"HOJAS SUELTAS Peri\u00f3dico Cultural","breadcrumb":{"@id":"https:\/\/hojassueltas.es\/?page_id=1745#breadcrumb"},"inLanguage":"es","potentialAction":[{"@type":"ReadAction","target":["https:\/\/hojassueltas.es\/?page_id=1745"]}]},{"@type":"ImageObject","inLanguage":"es","@id":"https:\/\/hojassueltas.es\/?page_id=1745#primaryimage","url":"","contentUrl":""},{"@type":"BreadcrumbList","@id":"https:\/\/hojassueltas.es\/?page_id=1745#breadcrumb","itemListElement":[{"@type":"ListItem","position":1,"name":"Portada","item":"https:\/\/hojassueltas.es\/"},{"@type":"ListItem","position":2,"name":"Publicidad"}]},{"@type":"WebSite","@id":"https:\/\/hojassueltas.es\/#website","url":"https:\/\/hojassueltas.es\/","name":"HojasSueltas.es","description":"GRANADA - Peri\u00f3dico Cultural","publisher":{"@id":"https:\/\/hojassueltas.es\/#organization"},"alternateName":"H.S. Periodico Cultural","potentialAction":[{"@type":"SearchAction","target":{"@type":"EntryPoint","urlTemplate":"https:\/\/hojassueltas.es\/?s={search_term_string}"},"query-input":{"@type":"PropertyValueSpecification","valueRequired":true,"valueName":"search_term_string"}}],"inLanguage":"es"},{"@type":"Organization","@id":"https:\/\/hojassueltas.es\/#organization","name":"HOJAS SUELTAS - Peri\u00f3dico Cultural","alternateName":"HS - HOJAS SUELTAS Peri\u00f3dico Cultural","url":"https:\/\/hojassueltas.es\/","logo":{"@type":"ImageObject","inLanguage":"es","@id":"https:\/\/hojassueltas.es\/#\/schema\/logo\/image\/","url":"https:\/\/hojassueltas.es\/wp-content\/uploads\/2025\/08\/Icono-HS_2.png","contentUrl":"https:\/\/hojassueltas.es\/wp-content\/uploads\/2025\/08\/Icono-HS_2.png","width":500,"height":500,"caption":"HOJAS SUELTAS - Peri\u00f3dico Cultural"},"image":{"@id":"https:\/\/hojassueltas.es\/#\/schema\/logo\/image\/"},"sameAs":["https:\/\/x.com\/HOJASSUELTAS22"]}]}},"_links":{"self":[{"href":"https:\/\/hojassueltas.es\/index.php?rest_route=\/wp\/v2\/pages\/1745","targetHints":{"allow":["GET"]}}],"collection":[{"href":"https:\/\/hojassueltas.es\/index.php?rest_route=\/wp\/v2\/pages"}],"about":[{"href":"https:\/\/hojassueltas.es\/index.php?rest_route=\/wp\/v2\/types\/page"}],"author":[{"embeddable":true,"href":"https:\/\/hojassueltas.es\/index.php?rest_route=\/wp\/v2\/users\/1"}],"replies":[{"embeddable":true,"href":"https:\/\/hojassueltas.es\/index.php?rest_route=%2Fwp%2Fv2%2Fcomments&post=1745"}],"version-history":[{"count":8,"href":"https:\/\/hojassueltas.es\/index.php?rest_route=\/wp\/v2\/pages\/1745\/revisions"}],"predecessor-version":[{"id":1759,"href":"https:\/\/hojassueltas.es\/index.php?rest_route=\/wp\/v2\/pages\/1745\/revisions\/1759"}],"wp:attachment":[{"href":"https:\/\/hojassueltas.es\/index.php?rest_route=%2Fwp%2Fv2%2Fmedia&parent=1745"}],"curies":[{"name":"wp","href":"https:\/\/api.w.org\/{rel}","templated":true}]}}